{"id":2785,"date":"2025-09-24T13:06:20","date_gmt":"2025-09-24T10:06:20","guid":{"rendered":"https:\/\/deye.md\/?post_type=product&#038;p=2785"},"modified":"2026-01-14T18:58:33","modified_gmt":"2026-01-14T15:58:33","slug":"baterie-lifepo4-16kwh-512v-314ah-moldel-tg-h51314","status":"publish","type":"product","link":"https:\/\/deye.md\/ru\/produkt\/baterie-lifepo4-16kwh-512v-314ah-moldel-tg-h51314","title":{"rendered":"Baterie LiFePO4- 16 kWh \u2013 51,2V\/314Ah: Model TG-H51314"},"content":{"rendered":"","protected":false},"excerpt":{"rendered":"<p data-start=\"275\" data-end=\"641\">Bateria <strong data-start=\"283\" data-end=\"304\">LiFePO\u2084 TG-H51314<\/strong> (51,2V, 314Ah, 16kWh) CU SISTEM ANTIINCENDIU CU SISTEM WI-FI,ARE BALANSIR ACTIV, este ideal\u0103 pentru sisteme solare reziden\u021biale \u0219i comerciale. Ofer\u0103 <strong data-start=\"395\" data-end=\"422\">p\u00e2n\u0103 la 10000 de cicluri<\/strong>, curent maxim de INCARCARE 159 <strong data-start=\"440\" data-end=\"448\">A \/ DESCARCARE 200 A\/ <\/strong>\u00a0protec\u021bie <strong data-start=\"460\" data-end=\"468\">IP 20<\/strong>\u00a0\u0219i comunica\u021bii <strong data-start=\"484\" data-end=\"503\">CAN\/RS485\/RS232<\/strong>. Compatibil\u0103 cu majoritatea invertoarelor, se instaleaz\u0103 rapid \u0219i ofer\u0103 o solu\u021bie sigur\u0103, fiabil\u0103 \u0219i durabil\u0103 pentru stocarea energiei.GARANTIE IN MOLDOVA\u00a0 condi\u021bionata 10 000 CICLURI sau 10 ANI.<\/p>\n<p data-start=\"275\" data-end=\"641\"><a href=\"https:\/\/deye.md\/wp-content\/uploads\/2025\/09\/51.2v314ah-\u89e6\u6478\u5706\u5c4f\u8f6e\u5f0f\uff08\u4e2d\u6027\uff09-1.pdf\">Datasheet.<\/a><\/p>","protected":false},"featured_media":2786,"template":"","meta":{"_uag_custom_page_level_css":"","site-sidebar-layout":"default","site-content-layout":"","ast-site-content-layout":"default","site-content-style":"default","site-sidebar-style":"default","ast-global-header-display":"","ast-banner-title-visibility":"","ast-main-header-display":"","ast-hfb-above-header-display":"","ast-hfb-below-header-display":"","ast-hfb-mobile-header-display":"","site-post-title":"","ast-breadcrumbs-content":"","ast-featured-img":"","footer-sml-layout":"","ast-disable-related-posts":"","theme-transparent-header-meta":"default","adv-header-id-meta":"","stick-header-meta":"default","header-above-stick-meta":"","header-main-stick-meta":"","header-below-stick-meta":"","astra-migrate-meta-layouts":"set","ast-page-background-enabled":"default","ast-page-background-meta":{"desktop":{"background-color":"var(--ast-global-color-4)","background-image":"","background-repeat":"repeat","background-position":"center center","background-size":"auto","background-attachment":"scroll","background-type":"","background-media":"","overlay-type":"","overlay-color":"","overlay-opacity":"","overlay-gradient":""},"tablet":{"background-color":"","background-image":"","background-repeat":"repeat","background-position":"center center","background-size":"auto","background-attachment":"scroll","background-type":"","background-media":"","overlay-type":"","overlay-color":"","overlay-opacity":"","overlay-gradient":""},"mobile":{"background-color":"","background-image":"","background-repeat":"repeat","background-position":"center center","background-size":"auto","background-attachment":"scroll","background-type":"","background-media":"","overlay-type":"","overlay-color":"","overlay-opacity":"","overlay-gradient":""}},"ast-content-background-meta":{"desktop":{"background-color":"var(--ast-global-color-5)","background-image":"","background-repeat":"repeat","background-position":"center center","background-size":"auto","background-attachment":"scroll","background-type":"","background-media":"","overlay-type":"","overlay-color":"","overlay-opacity":"","overlay-gradient":""},"tablet":{"background-color":"var(--ast-global-color-5)","background-image":"","background-repeat":"repeat","background-position":"center center","background-size":"auto","background-attachment":"scroll","background-type":"","background-media":"","overlay-type":"","overlay-color":"","overlay-opacity":"","overlay-gradient":""},"mobile":{"background-color":"var(--ast-global-color-5)","background-image":"","background-repeat":"repeat","background-position":"center center","background-size":"auto","background-attachment":"scroll","background-type":"","background-media":"","overlay-type":"","overlay-color":"","overlay-opacity":"","overlay-gradient":""}}},"product_brand":[],"product_cat":[81],"product_tag":[],"class_list":{"0":"post-2785","1":"product","2":"type-product","3":"status-publish","4":"has-post-thumbnail","6":"product_cat-acumulatoare","7":"desktop-align-left","8":"tablet-align-left","9":"mobile-align-left","10":"ast-product-gallery-layout-horizontal-slider","11":"ast-product-tabs-layout-horizontal","12":"ast-qv-on-image","14":"first","15":"instock","16":"sale","17":"shipping-taxable","18":"purchasable","19":"product-type-simple"},"spectra_custom_meta":{"_edit_lock":["1768411002:2"],"_edit_last":["2"],"_thumbnail_id":["2786"],"_selectproduct_layout":[""],"woolentor_cart_custom_content":[""],"woolentor_total_stock_quantity":[""],"_saleflash_text":[""],"total_sales":["2"],"_tax_status":["taxable"],"_tax_class":[""],"_manage_stock":["no"],"_backorders":["no"],"_sold_individually":["no"],"_virtual":["no"],"_downloadable":["no"],"_download_limit":["-1"],"_download_expiry":["-1"],"_stock":[null],"_stock_status":["instock"],"_wc_average_rating":["0"],"_wc_review_count":["0"],"_product_version":["10.4.3"],"_product_image_gallery":["2790,2789,2788,2787"],"_jet_woo_template":[""],"_template_type":["default"],"site-sidebar-layout":["default"],"ast-site-content-layout":["default"],"site-content-style":["default"],"site-sidebar-style":["default"],"theme-transparent-header-meta":["default"],"stick-header-meta":["default"],"_regular_price":["2500"],"_product_attributes":["a:2:{s:19:\"pa_brand-acumulator\";a:6:{s:4:\"name\";s:19:\"pa_brand-acumulator\";s:5:\"value\";s:0:\"\";s:8:\"position\";i:0;s:10:\"is_visible\";i:1;s:12:\"is_variation\";i:0;s:11:\"is_taxonomy\";i:1;}s:25:\"pa_puterea-acumulatorului\";a:6:{s:4:\"name\";s:25:\"pa_puterea-acumulatorului\";s:5:\"value\";s:0:\"\";s:8:\"position\";i:1;s:10:\"is_visible\";i:1;s:12:\"is_variation\";i:0;s:11:\"is_taxonomy\";i:1;}}"],"_price":["2200"],"woolentor_views_count_product":["2687"],"_sale_price":["2200"],"astra-migrate-meta-layouts":["set"],"_uag_page_assets":["a:9:{s:3:\"css\";s:3164:\".uag-blocks-common-selector{z-index:var(--z-index-desktop) !important}@media (max-width: 976px){.uag-blocks-common-selector{z-index:var(--z-index-tablet) !important}}@media (max-width: 767px){.uag-blocks-common-selector{z-index:var(--z-index-mobile) !important}}\n.wp-block-uagb-advanced-heading h1,.wp-block-uagb-advanced-heading h2,.wp-block-uagb-advanced-heading h3,.wp-block-uagb-advanced-heading h4,.wp-block-uagb-advanced-heading h5,.wp-block-uagb-advanced-heading h6,.wp-block-uagb-advanced-heading p,.wp-block-uagb-advanced-heading div{word-break:break-word}.wp-block-uagb-advanced-heading .uagb-heading-text{margin:0}.wp-block-uagb-advanced-heading .uagb-desc-text{margin:0}.wp-block-uagb-advanced-heading .uagb-separator{font-size:0;border-top-style:solid;display:inline-block;margin:0 0 10px 0}.wp-block-uagb-advanced-heading .uagb-highlight{color:#f78a0c;border:0;transition:all 0.3s ease}.uag-highlight-toolbar{border-left:0;border-top:0;border-bottom:0;border-radius:0;border-right-color:#1e1e1e}.uag-highlight-toolbar .components-button{border-radius:0;outline:none}.uag-highlight-toolbar .components-button.is-primary{color:#fff}\n.wp-block-uagb-advanced-heading.uagb-block-c71902d3.wp-block-uagb-advanced-heading .uagb-desc-text{margin-bottom: 15px;}.wp-block-uagb-advanced-heading.uagb-block-c71902d3.wp-block-uagb-advanced-heading .uagb-highlight{font-style: normal;font-weight: Default;background: #007cba;color: #fff;-webkit-text-fill-color: #fff;}.wp-block-uagb-advanced-heading.uagb-block-c71902d3.wp-block-uagb-advanced-heading .uagb-highlight::-moz-selection{color: #fff;background: #007cba;-webkit-text-fill-color: #fff;}.wp-block-uagb-advanced-heading.uagb-block-c71902d3.wp-block-uagb-advanced-heading .uagb-highlight::selection{color: #fff;background: #007cba;-webkit-text-fill-color: #fff;}.wp-block-uagb-advanced-heading.uagb-block-b44a46e4.wp-block-uagb-advanced-heading .uagb-desc-text{margin-bottom: 15px;}.wp-block-uagb-advanced-heading.uagb-block-b44a46e4.wp-block-uagb-advanced-heading .uagb-highlight{font-style: normal;font-weight: Default;background: #007cba;color: #fff;-webkit-text-fill-color: #fff;}.wp-block-uagb-advanced-heading.uagb-block-b44a46e4.wp-block-uagb-advanced-heading .uagb-highlight::-moz-selection{color: #fff;background: #007cba;-webkit-text-fill-color: #fff;}.wp-block-uagb-advanced-heading.uagb-block-b44a46e4.wp-block-uagb-advanced-heading .uagb-highlight::selection{color: #fff;background: #007cba;-webkit-text-fill-color: #fff;}.wp-block-uagb-advanced-heading.uagb-block-632ea407.wp-block-uagb-advanced-heading .uagb-desc-text{margin-bottom: 15px;}.wp-block-uagb-advanced-heading.uagb-block-632ea407.wp-block-uagb-advanced-heading .uagb-highlight{font-style: normal;font-weight: Default;background: #007cba;color: #fff;-webkit-text-fill-color: #fff;}.wp-block-uagb-advanced-heading.uagb-block-632ea407.wp-block-uagb-advanced-heading .uagb-highlight::-moz-selection{color: #fff;background: #007cba;-webkit-text-fill-color: #fff;}.wp-block-uagb-advanced-heading.uagb-block-632ea407.wp-block-uagb-advanced-heading .uagb-highlight::selection{color: #fff;background: #007cba;-webkit-text-fill-color: #fff;}\";s:2:\"js\";s:0:\"\";s:18:\"current_block_list\";a:13:{i:0;s:11:\"core\/search\";i:1;s:10:\"core\/group\";i:2;s:12:\"core\/heading\";i:3;s:17:\"core\/latest-posts\";i:4;s:20:\"core\/latest-comments\";i:5;s:13:\"core\/archives\";i:6;s:15:\"core\/categories\";i:7;s:21:\"uagb\/advanced-heading\";i:8;s:10:\"core\/image\";i:9;s:26:\"woocommerce\/filter-wrapper\";i:10;s:24:\"woocommerce\/price-filter\";i:11;s:28:\"woocommerce\/attribute-filter\";i:13;s:26:\"woocommerce\/active-filters\";}s:8:\"uag_flag\";b:1;s:11:\"uag_version\";s:10:\"1776362211\";s:6:\"gfonts\";a:0:{}s:10:\"gfonts_url\";s:0:\"\";s:12:\"gfonts_files\";a:0:{}s:14:\"uag_faq_layout\";b:0;}"],"_uag_css_file_name":["uag-css-2785.css"]},"uagb_featured_image_src":{"full":["https:\/\/deye.md\/wp-content\/uploads\/2025\/09\/ha9c519affae948be94d977cd5a4eba6ea.jpg",800,800,false],"thumbnail":["https:\/\/deye.md\/wp-content\/uploads\/2025\/09\/ha9c519affae948be94d977cd5a4eba6ea-150x150.jpg",150,150,true],"medium":["https:\/\/deye.md\/wp-content\/uploads\/2025\/09\/ha9c519affae948be94d977cd5a4eba6ea-300x300.jpg",300,300,true],"medium_large":["https:\/\/deye.md\/wp-content\/uploads\/2025\/09\/ha9c519affae948be94d977cd5a4eba6ea-768x768.jpg",768,768,true],"large":["https:\/\/deye.md\/wp-content\/uploads\/2025\/09\/ha9c519affae948be94d977cd5a4eba6ea.jpg",800,800,false],"1536x1536":["https:\/\/deye.md\/wp-content\/uploads\/2025\/09\/ha9c519affae948be94d977cd5a4eba6ea.jpg",800,800,false],"2048x2048":["https:\/\/deye.md\/wp-content\/uploads\/2025\/09\/ha9c519affae948be94d977cd5a4eba6ea.jpg",800,800,false],"trp-custom-language-flag":["https:\/\/deye.md\/wp-content\/uploads\/2025\/09\/ha9c519affae948be94d977cd5a4eba6ea-12x12.jpg",12,12,true],"woocommerce_thumbnail":["https:\/\/deye.md\/wp-content\/uploads\/2025\/09\/ha9c519affae948be94d977cd5a4eba6ea-300x300.jpg",300,300,true],"woocommerce_single":["https:\/\/deye.md\/wp-content\/uploads\/2025\/09\/ha9c519affae948be94d977cd5a4eba6ea-600x600.jpg",600,600,true],"woocommerce_gallery_thumbnail":["https:\/\/deye.md\/wp-content\/uploads\/2025\/09\/ha9c519affae948be94d977cd5a4eba6ea-100x100.jpg",100,100,true]},"uagb_author_info":{"display_name":"admin","author_link":"https:\/\/deye.md\/ru\/archives\/author"},"uagb_comment_info":0,"uagb_excerpt":"Bateria LiFePO\u2084 TG-H51314 (51,2V, 314Ah, 16kWh) CU SISTEM ANTIINCENDIU CU SISTEM WI-FI,ARE BALANSIR ACTIV, este ideal\u0103 pentru sisteme solare reziden\u021biale \u0219i comerciale. Ofer\u0103 p\u00e2n\u0103 la 10000 de cicluri, curent maxim de INCARCARE 159 A \/ DESCARCARE 200 A\/ \u00a0protec\u021bie IP 20\u00a0\u0219i comunica\u021bii CAN\/RS485\/RS232. Compatibil\u0103 cu majoritatea invertoarelor, se instaleaz\u0103 rapid \u0219i ofer\u0103 o solu\u021bie sigur\u0103,&hellip;","_links":{"self":[{"href":"https:\/\/deye.md\/ru\/wp-json\/wp\/v2\/product\/2785","targetHints":{"allow":["GET"]}}],"collection":[{"href":"https:\/\/deye.md\/ru\/wp-json\/wp\/v2\/product"}],"about":[{"href":"https:\/\/deye.md\/ru\/wp-json\/wp\/v2\/types\/product"}],"wp:featuredmedia":[{"embeddable":true,"href":"https:\/\/deye.md\/ru\/wp-json\/wp\/v2\/media\/2786"}],"wp:attachment":[{"href":"https:\/\/deye.md\/ru\/wp-json\/wp\/v2\/media?parent=2785"}],"wp:term":[{"taxonomy":"product_brand","embeddable":true,"href":"https:\/\/deye.md\/ru\/wp-json\/wp\/v2\/product_brand?post=2785"},{"taxonomy":"product_cat","embeddable":true,"href":"https:\/\/deye.md\/ru\/wp-json\/wp\/v2\/product_cat?post=2785"},{"taxonomy":"product_tag","embeddable":true,"href":"https:\/\/deye.md\/ru\/wp-json\/wp\/v2\/product_tag?post=2785"}],"curies":[{"name":"wp","href":"https:\/\/api.w.org\/{rel}","templated":true}]}}