{"id":2544,"date":"2025-09-15T14:32:16","date_gmt":"2025-09-15T11:32:16","guid":{"rendered":"https:\/\/deye.md\/?post_type=product&#038;p=2544"},"modified":"2025-09-19T19:03:53","modified_gmt":"2025-09-19T16:03:53","slug":"deye-gibridnyj-invertor-80kw-48v-s-3xmppt-model-sun-80k-sg02hp3-eu-em6-tryohfaznyj-hv","status":"publish","type":"product","link":"https:\/\/deye.md\/ru\/produkt\/deye-gibridnyj-invertor-80kw-48v-s-3xmppt-model-sun-80k-sg02hp3-eu-em6-tryohfaznyj-hv","title":{"rendered":"DEYE \u0413\u0438\u0431\u0440\u0438\u0434\u043d\u044b\u0439 \u0438\u043d\u0432\u0435\u0440\u0442\u043e\u0440 80 kW 48V \u0441 3xMPPT \u2013 \u041c\u043e\u0434\u0435\u043b\u044c SUN-80K-SG02HP3-EU-EM6 \u0422\u0440\u0451\u0445\u0444\u0430\u0437\u043d\u044b\u0439 HV"},"content":{"rendered":"","protected":false},"excerpt":{"rendered":"<div style=\"background-color: #28a745; padding: 10px 15px; border-radius: 10px; max-width: 760px; text-align: center;\">\n<p style=\"color: #000000; font-family: Arial, sans-serif; font-size: 18px; margin: 0; line-height: 1.2;\">\u0421\u043a\u0438\u0434\u043a\u0430 \u0434\u043b\u044f \u0443\u0441\u0442\u0430\u043d\u043e\u0432\u0449\u0438\u043a\u043e\u0432 \u0438 \u043e\u043f\u0442\u043e\u0432\u0438\u043a\u043e\u0432. \u041f\u043e\u0434\u0440\u043e\u0431\u043d\u043e\u0441\u0442\u0438 \u0432 Whatsapp \u0438\u043b\u0438 email.<\/p>\n<\/div>\n<p>&nbsp;<\/p>\n<p class=\"translation-block\">\u0421\u0435\u0440\u0438\u044f \u0442\u0440\u0451\u0445\u0444\u0430\u0437\u043d\u044b\u0445 \u0433\u0438\u0431\u0440\u0438\u0434\u043d\u044b\u0445 \u0438\u043d\u0432\u0435\u0440\u0442\u043e\u0440\u043e\u0432 <strong>Deye<\/strong> \u0440\u0430\u0437\u0440\u0430\u0431\u043e\u0442\u0430\u043d\u0430 \u0434\u043b\u044f \u043d\u0430\u0434\u0451\u0436\u043d\u043e\u0439 \u0440\u0430\u0431\u043e\u0442\u044b \u0438 \u044d\u0444\u0444\u0435\u043a\u0442\u0438\u0432\u043d\u043e\u0433\u043e \u0443\u043f\u0440\u0430\u0432\u043b\u0435\u043d\u0438\u044f \u044d\u043d\u0435\u0440\u0433\u0438\u0435\u0439 \u043a\u0430\u043a \u0432 \u0436\u0438\u043b\u044b\u0445, \u0442\u0430\u043a \u0438 \u0432 \u043a\u043e\u043c\u043c\u0435\u0440\u0447\u0435\u0441\u043a\u0438\u0445 \u043f\u0440\u0438\u043b\u043e\u0436\u0435\u043d\u0438\u044f\u0445. \u0421 \u0430\u043a\u0446\u0435\u043d\u0442\u043e\u043c \u043d\u0430 \u0432\u044b\u0441\u043e\u043a\u0443\u044e \u044d\u0444\u0444\u0435\u043a\u0442\u0438\u0432\u043d\u043e\u0441\u0442\u044c, \u0431\u0435\u0441\u043f\u0440\u043e\u0431\u043b\u0435\u043c\u043d\u0443\u044e \u0438\u043d\u0442\u0435\u0433\u0440\u0430\u0446\u0438\u044e \u0438 \u043f\u0440\u043e\u0434\u0432\u0438\u043d\u0443\u0442\u044b\u0435 \u0444\u0443\u043d\u043a\u0446\u0438\u0438 \u0437\u0430\u0449\u0438\u0442\u044b \u044d\u0442\u0438 \u0438\u043d\u0432\u0435\u0440\u0442\u043e\u0440\u044b \u043f\u0440\u0435\u0434\u043b\u0430\u0433\u0430\u044e\u0442 \u0443\u043d\u0438\u0432\u0435\u0440\u0441\u0430\u043b\u044c\u043d\u043e\u0435 \u0440\u0435\u0448\u0435\u043d\u0438\u0435 \u0434\u043b\u044f \u0441\u043e\u0432\u0440\u0435\u043c\u0435\u043d\u043d\u044b\u0445 \u044d\u043d\u0435\u0440\u0433\u0435\u0442\u0438\u0447\u0435\u0441\u043a\u0438\u0445 \u043f\u043e\u0442\u0440\u0435\u0431\u043d\u043e\u0441\u0442\u0435\u0439.<\/p>\n<p><a href=\"https:\/\/deye.md\/wp-content\/uploads\/2025\/09\/\u3010b\u3011datasheet_sun-60-80k-sg02hp3-eu-em6_30240102201760_20250520_en-1-1.pdf\"><strong>\u0421\u043a\u0430\u0447\u0430\u0442\u044c \u0442\u0435\u0445\u043d\u0438\u0447\u0435\u0441\u043a\u0438\u0439 \u043f\u0430\u0441\u043f\u043e\u0440\u0442 \u0438\u043d\u0432\u0435\u0440\u0442\u043e\u0440\u0430 Deye SUN-80K-SG02HP3-EU-EM6<\/strong><\/a><\/p>","protected":false},"featured_media":2545,"template":"","meta":{"_uag_custom_page_level_css":"","site-sidebar-layout":"default","site-content-layout":"","ast-site-content-layout":"default","site-content-style":"default","site-sidebar-style":"default","ast-global-header-display":"","ast-banner-title-visibility":"","ast-main-header-display":"","ast-hfb-above-header-display":"","ast-hfb-below-header-display":"","ast-hfb-mobile-header-display":"","site-post-title":"","ast-breadcrumbs-content":"","ast-featured-img":"","footer-sml-layout":"","ast-disable-related-posts":"","theme-transparent-header-meta":"default","adv-header-id-meta":"","stick-header-meta":"default","header-above-stick-meta":"","header-main-stick-meta":"","header-below-stick-meta":"","astra-migrate-meta-layouts":"set","ast-page-background-enabled":"default","ast-page-background-meta":{"desktop":{"background-color":"var(--ast-global-color-4)","background-image":"","background-repeat":"repeat","background-position":"center center","background-size":"auto","background-attachment":"scroll","background-type":"","background-media":"","overlay-type":"","overlay-color":"","overlay-opacity":"","overlay-gradient":""},"tablet":{"background-color":"","background-image":"","background-repeat":"repeat","background-position":"center center","background-size":"auto","background-attachment":"scroll","background-type":"","background-media":"","overlay-type":"","overlay-color":"","overlay-opacity":"","overlay-gradient":""},"mobile":{"background-color":"","background-image":"","background-repeat":"repeat","background-position":"center center","background-size":"auto","background-attachment":"scroll","background-type":"","background-media":"","overlay-type":"","overlay-color":"","overlay-opacity":"","overlay-gradient":""}},"ast-content-background-meta":{"desktop":{"background-color":"var(--ast-global-color-5)","background-image":"","background-repeat":"repeat","background-position":"center center","background-size":"auto","background-attachment":"scroll","background-type":"","background-media":"","overlay-type":"","overlay-color":"","overlay-opacity":"","overlay-gradient":""},"tablet":{"background-color":"var(--ast-global-color-5)","background-image":"","background-repeat":"repeat","background-position":"center center","background-size":"auto","background-attachment":"scroll","background-type":"","background-media":"","overlay-type":"","overlay-color":"","overlay-opacity":"","overlay-gradient":""},"mobile":{"background-color":"var(--ast-global-color-5)","background-image":"","background-repeat":"repeat","background-position":"center center","background-size":"auto","background-attachment":"scroll","background-type":"","background-media":"","overlay-type":"","overlay-color":"","overlay-opacity":"","overlay-gradient":""}}},"product_brand":[],"product_cat":[89],"product_tag":[],"class_list":{"0":"post-2544","1":"product","2":"type-product","3":"status-publish","4":"has-post-thumbnail","6":"product_cat-invertoare-hybrid","7":"desktop-align-left","8":"tablet-align-left","9":"mobile-align-left","10":"ast-product-gallery-layout-horizontal-slider","11":"ast-product-tabs-layout-horizontal","12":"ast-qv-on-image","14":"first","15":"instock","16":"shipping-taxable","17":"purchasable","18":"product-type-simple"},"spectra_custom_meta":{"_regular_price":["8500"],"total_sales":["0"],"_tax_status":["taxable"],"_tax_class":[""],"_manage_stock":["no"],"_backorders":["no"],"_sold_individually":["no"],"_virtual":["no"],"_downloadable":["no"],"_product_image_gallery":["2546,2547"],"_download_limit":["-1"],"_download_expiry":["-1"],"_thumbnail_id":["2545"],"_stock":[null],"_stock_status":["instock"],"_wc_average_rating":["0"],"_wc_review_count":["0"],"_product_attributes":["a:4:{s:19:\"pa_brand-invertoare\";a:6:{s:4:\"name\";s:19:\"pa_brand-invertoare\";s:5:\"value\";s:0:\"\";s:8:\"position\";i:0;s:10:\"is_visible\";i:1;s:12:\"is_variation\";i:0;s:11:\"is_taxonomy\";i:1;}s:28:\"pa_dupa-puterea-invertorului\";a:6:{s:4:\"name\";s:28:\"pa_dupa-puterea-invertorului\";s:5:\"value\";s:0:\"\";s:8:\"position\";i:1;s:10:\"is_visible\";i:1;s:12:\"is_variation\";i:0;s:11:\"is_taxonomy\";i:1;}s:21:\"pa_monofazat-trifazat\";a:6:{s:4:\"name\";s:21:\"pa_monofazat-trifazat\";s:5:\"value\";s:0:\"\";s:8:\"position\";i:2;s:10:\"is_visible\";i:1;s:12:\"is_variation\";i:0;s:11:\"is_taxonomy\";i:1;}s:18:\"pa_tip-de-invertor\";a:6:{s:4:\"name\";s:18:\"pa_tip-de-invertor\";s:5:\"value\";s:0:\"\";s:8:\"position\";i:3;s:10:\"is_visible\";i:1;s:12:\"is_variation\";i:0;s:11:\"is_taxonomy\";i:1;}}"],"_product_version":["9.3.3"],"_price":["8500"],"_selectproduct_layout":[""],"woolentor_cart_custom_content":[""],"woolentor_total_stock_quantity":[""],"_saleflash_text":[""],"site-sidebar-layout":["default"],"ast-site-content-layout":["default"],"site-content-style":["default"],"site-sidebar-style":["default"],"theme-transparent-header-meta":["default"],"stick-header-meta":["default"],"woolentor_views_count_product":["1006"],"_edit_lock":["1758297713:1"],"_edit_last":["1"],"_jet_woo_template":[""],"_template_type":["default"],"astra-migrate-meta-layouts":["set"],"_uag_page_assets":["a:9:{s:3:\"css\";s:3164:\".uag-blocks-common-selector{z-index:var(--z-index-desktop) !important}@media (max-width: 976px){.uag-blocks-common-selector{z-index:var(--z-index-tablet) !important}}@media (max-width: 767px){.uag-blocks-common-selector{z-index:var(--z-index-mobile) !important}}\n.wp-block-uagb-advanced-heading h1,.wp-block-uagb-advanced-heading h2,.wp-block-uagb-advanced-heading h3,.wp-block-uagb-advanced-heading h4,.wp-block-uagb-advanced-heading h5,.wp-block-uagb-advanced-heading h6,.wp-block-uagb-advanced-heading p,.wp-block-uagb-advanced-heading div{word-break:break-word}.wp-block-uagb-advanced-heading .uagb-heading-text{margin:0}.wp-block-uagb-advanced-heading .uagb-desc-text{margin:0}.wp-block-uagb-advanced-heading .uagb-separator{font-size:0;border-top-style:solid;display:inline-block;margin:0 0 10px 0}.wp-block-uagb-advanced-heading .uagb-highlight{color:#f78a0c;border:0;transition:all 0.3s ease}.uag-highlight-toolbar{border-left:0;border-top:0;border-bottom:0;border-radius:0;border-right-color:#1e1e1e}.uag-highlight-toolbar .components-button{border-radius:0;outline:none}.uag-highlight-toolbar .components-button.is-primary{color:#fff}\n.wp-block-uagb-advanced-heading.uagb-block-c71902d3.wp-block-uagb-advanced-heading .uagb-desc-text{margin-bottom: 15px;}.wp-block-uagb-advanced-heading.uagb-block-c71902d3.wp-block-uagb-advanced-heading .uagb-highlight{font-style: normal;font-weight: Default;background: #007cba;color: #fff;-webkit-text-fill-color: #fff;}.wp-block-uagb-advanced-heading.uagb-block-c71902d3.wp-block-uagb-advanced-heading .uagb-highlight::-moz-selection{color: #fff;background: #007cba;-webkit-text-fill-color: #fff;}.wp-block-uagb-advanced-heading.uagb-block-c71902d3.wp-block-uagb-advanced-heading .uagb-highlight::selection{color: #fff;background: #007cba;-webkit-text-fill-color: #fff;}.wp-block-uagb-advanced-heading.uagb-block-b44a46e4.wp-block-uagb-advanced-heading .uagb-desc-text{margin-bottom: 15px;}.wp-block-uagb-advanced-heading.uagb-block-b44a46e4.wp-block-uagb-advanced-heading .uagb-highlight{font-style: normal;font-weight: Default;background: #007cba;color: #fff;-webkit-text-fill-color: #fff;}.wp-block-uagb-advanced-heading.uagb-block-b44a46e4.wp-block-uagb-advanced-heading .uagb-highlight::-moz-selection{color: #fff;background: #007cba;-webkit-text-fill-color: #fff;}.wp-block-uagb-advanced-heading.uagb-block-b44a46e4.wp-block-uagb-advanced-heading .uagb-highlight::selection{color: #fff;background: #007cba;-webkit-text-fill-color: #fff;}.wp-block-uagb-advanced-heading.uagb-block-632ea407.wp-block-uagb-advanced-heading .uagb-desc-text{margin-bottom: 15px;}.wp-block-uagb-advanced-heading.uagb-block-632ea407.wp-block-uagb-advanced-heading .uagb-highlight{font-style: normal;font-weight: Default;background: #007cba;color: #fff;-webkit-text-fill-color: #fff;}.wp-block-uagb-advanced-heading.uagb-block-632ea407.wp-block-uagb-advanced-heading .uagb-highlight::-moz-selection{color: #fff;background: #007cba;-webkit-text-fill-color: #fff;}.wp-block-uagb-advanced-heading.uagb-block-632ea407.wp-block-uagb-advanced-heading .uagb-highlight::selection{color: #fff;background: #007cba;-webkit-text-fill-color: #fff;}\";s:2:\"js\";s:0:\"\";s:18:\"current_block_list\";a:13:{i:0;s:11:\"core\/search\";i:1;s:10:\"core\/group\";i:2;s:12:\"core\/heading\";i:3;s:17:\"core\/latest-posts\";i:4;s:20:\"core\/latest-comments\";i:5;s:13:\"core\/archives\";i:6;s:15:\"core\/categories\";i:7;s:21:\"uagb\/advanced-heading\";i:8;s:10:\"core\/image\";i:9;s:26:\"woocommerce\/filter-wrapper\";i:10;s:24:\"woocommerce\/price-filter\";i:11;s:28:\"woocommerce\/attribute-filter\";i:13;s:26:\"woocommerce\/active-filters\";}s:8:\"uag_flag\";b:1;s:11:\"uag_version\";s:10:\"1776362221\";s:6:\"gfonts\";a:0:{}s:10:\"gfonts_url\";s:0:\"\";s:12:\"gfonts_files\";a:0:{}s:14:\"uag_faq_layout\";b:0;}"],"_uag_css_file_name":["uag-css-2544.css"]},"uagb_featured_image_src":{"full":["https:\/\/deye.md\/wp-content\/uploads\/2025\/09\/16-1.webp",970,1080,false],"thumbnail":["https:\/\/deye.md\/wp-content\/uploads\/2025\/09\/16-1-150x150.webp",150,150,true],"medium":["https:\/\/deye.md\/wp-content\/uploads\/2025\/09\/16-1-269x300.webp",269,300,true],"medium_large":["https:\/\/deye.md\/wp-content\/uploads\/2025\/09\/16-1-768x855.webp",768,855,true],"large":["https:\/\/deye.md\/wp-content\/uploads\/2025\/09\/16-1-920x1024.webp",920,1024,true],"1536x1536":["https:\/\/deye.md\/wp-content\/uploads\/2025\/09\/16-1.webp",970,1080,false],"2048x2048":["https:\/\/deye.md\/wp-content\/uploads\/2025\/09\/16-1.webp",970,1080,false],"trp-custom-language-flag":["https:\/\/deye.md\/wp-content\/uploads\/2025\/09\/16-1.webp",11,12,false],"woocommerce_thumbnail":["https:\/\/deye.md\/wp-content\/uploads\/2025\/09\/16-1-300x300.webp",300,300,true],"woocommerce_single":["https:\/\/deye.md\/wp-content\/uploads\/2025\/09\/16-1-600x668.webp",600,668,true],"woocommerce_gallery_thumbnail":["https:\/\/deye.md\/wp-content\/uploads\/2025\/09\/16-1-100x100.webp",100,100,true]},"uagb_author_info":{"display_name":"admin","author_link":"https:\/\/deye.md\/ru\/archives\/author"},"uagb_comment_info":0,"uagb_excerpt":"Pre\u021b mai mic pentru instalatori \u0219i cump\u0103r\u0103tori angro. Detalii pe Whatsapp sau email. &nbsp; Seria de invertoare hibride trifazate Deye este proiectat\u0103 pentru performan\u021b\u0103 robust\u0103 \u0219i o gestionare eficient\u0103 a energiei, at\u00e2t \u00een aplica\u021bii reziden\u021biale, c\u00e2t \u0219i comerciale. Cu accent pe eficien\u021b\u0103 ridicat\u0103, integrare f\u0103r\u0103 probleme \u0219i func\u021bii avansate de protec\u021bie, aceste invertoare ofer\u0103 o&hellip;","_links":{"self":[{"href":"https:\/\/deye.md\/ru\/wp-json\/wp\/v2\/product\/2544","targetHints":{"allow":["GET"]}}],"collection":[{"href":"https:\/\/deye.md\/ru\/wp-json\/wp\/v2\/product"}],"about":[{"href":"https:\/\/deye.md\/ru\/wp-json\/wp\/v2\/types\/product"}],"wp:featuredmedia":[{"embeddable":true,"href":"https:\/\/deye.md\/ru\/wp-json\/wp\/v2\/media\/2545"}],"wp:attachment":[{"href":"https:\/\/deye.md\/ru\/wp-json\/wp\/v2\/media?parent=2544"}],"wp:term":[{"taxonomy":"product_brand","embeddable":true,"href":"https:\/\/deye.md\/ru\/wp-json\/wp\/v2\/product_brand?post=2544"},{"taxonomy":"product_cat","embeddable":true,"href":"https:\/\/deye.md\/ru\/wp-json\/wp\/v2\/product_cat?post=2544"},{"taxonomy":"product_tag","embeddable":true,"href":"https:\/\/deye.md\/ru\/wp-json\/wp\/v2\/product_tag?post=2544"}],"curies":[{"name":"wp","href":"https:\/\/api.w.org\/{rel}","templated":true}]}}