{"id":2523,"date":"2025-09-15T12:24:45","date_gmt":"2025-09-15T09:24:45","guid":{"rendered":"https:\/\/deye.md\/?post_type=product&#038;p=2523"},"modified":"2026-02-19T01:08:24","modified_gmt":"2026-02-18T22:08:24","slug":"deye-gibridnyj-invertor-15kw-48v-s-2xmppt-model-sun-15k-sg05lp3-eu-sm2-tryohfaznyj-lv","status":"publish","type":"product","link":"https:\/\/deye.md\/ru\/produkt\/deye-gibridnyj-invertor-15kw-48v-s-2xmppt-model-sun-15k-sg05lp3-eu-sm2-tryohfaznyj-lv","title":{"rendered":"DEYE Invertor Hybrid 20 kW 48V cu 2xMPPT \u2013 Model SUN-20K-SG01HP3-EU-AM2-G"},"content":{"rendered":"<h1>Invertor Deye hibrid 20 kW trifazat SUN-20K-SG01HP3-EU-AM2<\/h1>\n<p>UN SG01HP3-EU-AM2 este o serie noua de invertoare hibride trifazate care suport\u0103 baterii de tensiune inalta HV (160-700V) ceea ce mareste eficien\u021ba sistemului printr-o reducere a\u00a0disiparii c\u0103ldurii.<\/p>\n<p>Cu un design compact \u0219i densitate mare de putere, aceast\u0103 serie accept\u0103 un raport DC\/AC de 1,3 economisind investi\u021bia \u00een echipamente. Suport\u0103 ie\u0219ire dezechilibrat\u0103 pe cele\u00a0trei faze, extinz\u00e2nd scenariile in care poate fi folosit.<\/p>\n<ul>\n<li><strong>Putere nominal\u0103 de 20000 W \u0219i v\u00e2rf de 30000 W<\/strong>\u00a0: Invertorul poate rezist\u0103 la 30000 W timp de 10 secunde izolat. Este capabil s\u0103 porneasc\u0103 f\u0103r\u0103 probleme sarcini inductive mari. \u00cen modul de consum ofer\u0103 o func\u021bionare continu\u0103 de 20000 W cu sau f\u0103r\u0103 baterii.<\/li>\n<li><strong>Num\u0103r MPPT (Maximum Power Point Tracking)<\/strong>\u00a0: 2 \u2013 Aceast\u0103 caracteristic\u0103 permite conectarea independent\u0103 a dou\u0103 \u0219iruri de panouri solare, maximiz\u00e2nd produc\u021bia chiar \u0219i \u00een condi\u021bii de umbrire par\u021bial\u0103.<\/li>\n<\/ul>\n<p>Datorit\u0103 platformei de monitorizare inteligent\u0103, invertoarele\u00a0Deye accept\u0103 oprirea de la distan\u021b\u0103 in cazuri de urgenta. Setarea parametrilor \u0219i actualizarea softului\u00a0de la distan\u021b\u0103 faciliteaz\u0103 operarea \u0219i intretinerea\u00a0instala\u021biei fotovoltaice.<\/p>\n<p>Avantajele invertorului hibrid SUN-20K-SG01HP3-EU-AM2:<\/p>\n<ul>\n<li>\n<div>100% iesire debalansata pe fiecare faza<\/div>\n<\/li>\n<li>\n<div>AC couple to retrofifit existing solar system<\/div>\n<\/li>\n<li>\n<div>Se pot culpa in paralel pana la 10 invertoare pentru functionare on-grid sau\u00a0off-grid<\/div>\n<\/li>\n<li>\n<div>Suporta baterii multiple conectate in paralel<\/div>\n<\/li>\n<li>\n<div>Curent maxim de 50A de incarcare si descarcare<\/div>\n<\/li>\n<li>Functioneaza cu baterii HV (tensiune inalta) pentru o eficienta sporita<\/li>\n<li>\n<div>Se pot seta 6 perioade de timp pentru incarcarea sau descarcarea bateriei<\/div>\n<\/li>\n<li>\n<div>Port pentru utilizarea energiei de la generator<\/div>\n<\/li>\n<\/ul>\n<h4>Specificatii mecanice<\/h4>\n<table width=\"100%\">\n<tbody>\n<tr>\n<td style=\"width: 51.320618%;\">Temperatura de functionare<\/td>\n<td style=\"width: 45.654471%;\">-40 ~ 60\u00b0C<\/td>\n<\/tr>\n<tr>\n<td style=\"width: 51.320618%;\">Zgomot<\/td>\n<td style=\"width: 45.654471%;\">&lt; 55 dB<\/td>\n<\/tr>\n<tr>\n<td style=\"width: 51.320618%;\">Comunicare cu BMS<\/td>\n<td style=\"width: 45.654471%;\">CAN<\/td>\n<\/tr>\n<tr>\n<td style=\"width: 51.320618%;\">Greutate<\/td>\n<td style=\"width: 45.654471%;\">30,5 kg<\/td>\n<\/tr>\n<tr>\n<td style=\"width: 51.320618%;\">Dimensiuni<\/td>\n<td style=\"width: 45.654471%;\">408\u00a0x 638\u00a0x 237\u00a0mm<\/td>\n<\/tr>\n<tr>\n<td style=\"width: 51.320618%;\">Grad de protectie<\/td>\n<td style=\"width: 45.654471%;\">IP65<\/td>\n<\/tr>\n<\/tbody>\n<\/table>\n<p>&nbsp;<\/p>\n<h4>Specificatii tehnice<\/h4>\n<table width=\"100%\">\n<tbody>\n<tr>\n<td><span style=\"text-decoration: underline;\"><strong>Baterii<\/strong><\/span><\/td>\n<td><\/td>\n<\/tr>\n<tr>\n<td>Tip baterie<\/td>\n<td>Litiu-Ion<\/td>\n<\/tr>\n<tr>\n<td>Tensiunea bateriei<\/td>\n<td>160\u00a0~ 700 V<\/td>\n<\/tr>\n<tr>\n<td>Curent maxim de incarcare<\/td>\n<td>37\u00a0A<\/td>\n<\/tr>\n<tr>\n<td>Curent maxim de descarcare<\/td>\n<td>37\u00a0A<\/td>\n<\/tr>\n<tr>\n<td>Mod de incarcare baterii<\/td>\n<td>Comunicare cu BMS<\/td>\n<\/tr>\n<tr>\n<td><span style=\"text-decoration: underline;\"><strong>Panouri<\/strong><\/span><\/td>\n<td><\/td>\n<\/tr>\n<tr>\n<td>Puterea maxima a panourilor<\/td>\n<td>26.000 W<\/td>\n<\/tr>\n<tr>\n<td>Tensiune nominala<\/td>\n<td>600 V<\/td>\n<\/tr>\n<tr>\n<td>Tensiunea de pornire<\/td>\n<td>180\u00a0V<\/td>\n<\/tr>\n<tr>\n<td>Gama de tensiune a MPPT<\/td>\n<td>150\u00a0~ 850\u00a0V<\/td>\n<\/tr>\n<tr>\n<td>Tensiunea optima de incarcare a MPPT<\/td>\n<td>500\u00a0~ 850\u00a0V<\/td>\n<\/tr>\n<tr>\n<td>Curent de intrare<\/td>\n<td>26\u00a0+ 26\u00a0A<\/td>\n<\/tr>\n<tr>\n<td>Tensiunea maxima de scurt circuit<\/td>\n<td>39\u00a0+ 39 A<\/td>\n<\/tr>\n<tr>\n<td>Numar intrari MPPT<\/td>\n<td>2<\/td>\n<\/tr>\n<tr>\n<td>Numar de siruri pe MPPT<\/td>\n<td>2 + 2<\/td>\n<\/tr>\n<tr>\n<td><span style=\"text-decoration: underline;\"><strong>Iesire curent alternativ<\/strong><\/span><\/td>\n<td><\/td>\n<\/tr>\n<tr>\n<td>Putere nominala AC si UPS<\/td>\n<td>20.000 W<\/td>\n<\/tr>\n<tr>\n<td>Putere maxima<\/td>\n<td>22.000 W<\/td>\n<\/tr>\n<tr>\n<td>Curent nominal<\/td>\n<td>30,4\u00a0A<\/td>\n<\/tr>\n<tr>\n<td>Curent maxim<\/td>\n<td>33,4\u00a0A<\/td>\n<\/tr>\n<tr>\n<td>Curent maxim transferat<\/td>\n<td>80\u00a0A<\/td>\n<\/tr>\n<tr>\n<td>Putere de varf (off-grid)<\/td>\n<td>1,5 x puterea nominala pentru 10s<\/td>\n<\/tr>\n<tr>\n<td>Eficienta Euro<\/td>\n<td>97 %<\/td>\n<\/tr>\n<tr>\n<td><span style=\"text-decoration: underline;\"><strong>Protectii<\/strong><\/span><\/td>\n<td><\/td>\n<\/tr>\n<tr>\n<td>La fulger pe intrarea dinspre panouri<\/td>\n<td>Anti-insularizare<\/td>\n<\/tr>\n<tr>\n<td>Inversarea polaritatii siurilor<\/td>\n<td>Detectia rezistentei izolatiei<\/td>\n<\/tr>\n<tr>\n<td>Unitate de monitorizare a curentului rezidual<\/td>\n<td>Supracurent pe iesire<\/td>\n<\/tr>\n<tr>\n<td>Scurt circuit pe iesire<\/td>\n<td>Supratensiune<\/td>\n<\/tr>\n<tr>\n<td>Supratensiune pe iesire CC \/ CA<\/td>\n<td>Tip 2 \/ Tip 3<\/td>\n<\/tr>\n<\/tbody>\n<\/table>\n<p>&nbsp;<\/p>\n<p>Deye (Ningbo Deye Inverter Technology) este una dintre cele mai mari companii ce este dedicata dezvoltarii sistemelor fotovoltaice complete, atat pentru centrale rezidentiale cat si pentru cele comerciale.<\/p>\n<p>Invertoarele hibrid sunt mai complexe decat cele on-grid deoarece pot conecta\u00a0baterii pentru a stoca si utiliza excesul de energie produsa, reusind astfel sa eficientizeze sistemele fotovoltaice iar in acelasi timp sa asigure energie in caz de intreruperi sau scaderi ale calitatii energiei furnizate din retea.<\/p>","protected":false},"excerpt":{"rendered":"<div style=\"background-color: #28a745; padding: 10px 15px; border-radius: 10px; max-width: 760px; text-align: center;\">\n<p style=\"color: #000000; font-family: Arial, sans-serif; font-size: 18px; margin: 0; line-height: 1.2;\">\u0421\u043a\u0438\u0434\u043a\u0430 \u0434\u043b\u044f \u0443\u0441\u0442\u0430\u043d\u043e\u0432\u0449\u0438\u043a\u043e\u0432 \u0438 \u043e\u043f\u0442\u043e\u0432\u0438\u043a\u043e\u0432. \u041f\u043e\u0434\u0440\u043e\u0431\u043d\u043e\u0441\u0442\u0438 \u0432 Whatsapp \u0438\u043b\u0438 email.<\/p>\n<\/div>\n<p>&nbsp;<\/p>\n<div class=\"woocommerce-product-details__short-description\">\n<p data-start=\"35\" data-end=\"585\">Invertor hibrid Deye, unul dintre cei mai importan\u021bi produc\u0103tori mondiali de acumulatoare. Modelul Deye 20 KW HV\u00a0 dispune de func\u021bie complet\u0103 de backup integrat, astfel \u00eenc\u00e2t poate combina energia generat\u0103 de panourile fotovoltaice, energia stocat\u0103 \u00een baterie \u0219i re\u021beaua electric\u0103 pentru a oferi un sistem eficient, care continu\u0103 s\u0103 func\u021bioneze chiar \u0219i atunci c\u00e2nd re\u021beaua de energie electric\u0103 cade. Acest invertor este potrivit at\u00e2t pentru instala\u021biile de autoconsum, c\u00e2t \u0219i pentru instala\u021biile neconectate la re\u021beaua electric\u0103.<\/p>\n<\/div>\n<p data-start=\"35\" data-end=\"585\"><a href=\"https:\/\/deye.md\/wp-content\/uploads\/2024\/09\/datasheet_sun-8-12k-sg05lp3-eu-sm2_240513_en.pdf\"><strong>Descarc\u0103 fi\u0219a tehnic\u0103 a invertorului Deye SUN-20 KW-SG01HP3-EU-AM2<\/strong><\/a><\/p>\n<p data-start=\"35\" data-end=\"585\"><a href=\"https:\/\/deye.md\/wp-content\/uploads\/2024\/09\/datasheet_sun-8-12k-sg05lp3-eu-sm2_240513_en.pdf\"><strong>Descarc\u0103 manualul invertorului Deye SUN-20KW-SG05LP3-EU-AM2<\/strong><\/a><\/p>\n<p data-start=\"35\" data-end=\"585\">","protected":false},"featured_media":2521,"template":"","meta":{"_uag_custom_page_level_css":"","site-sidebar-layout":"default","site-content-layout":"","ast-site-content-layout":"default","site-content-style":"default","site-sidebar-style":"default","ast-global-header-display":"","ast-banner-title-visibility":"","ast-main-header-display":"","ast-hfb-above-header-display":"","ast-hfb-below-header-display":"","ast-hfb-mobile-header-display":"","site-post-title":"","ast-breadcrumbs-content":"","ast-featured-img":"","footer-sml-layout":"","ast-disable-related-posts":"","theme-transparent-header-meta":"default","adv-header-id-meta":"","stick-header-meta":"default","header-above-stick-meta":"","header-main-stick-meta":"","header-below-stick-meta":"","astra-migrate-meta-layouts":"set","ast-page-background-enabled":"default","ast-page-background-meta":{"desktop":{"background-color":"var(--ast-global-color-4)","background-image":"","background-repeat":"repeat","background-position":"center center","background-size":"auto","background-attachment":"scroll","background-type":"","background-media":"","overlay-type":"","overlay-color":"","overlay-opacity":"","overlay-gradient":""},"tablet":{"background-color":"","background-image":"","background-repeat":"repeat","background-position":"center center","background-size":"auto","background-attachment":"scroll","background-type":"","background-media":"","overlay-type":"","overlay-color":"","overlay-opacity":"","overlay-gradient":""},"mobile":{"background-color":"","background-image":"","background-repeat":"repeat","background-position":"center center","background-size":"auto","background-attachment":"scroll","background-type":"","background-media":"","overlay-type":"","overlay-color":"","overlay-opacity":"","overlay-gradient":""}},"ast-content-background-meta":{"desktop":{"background-color":"var(--ast-global-color-5)","background-image":"","background-repeat":"repeat","background-position":"center center","background-size":"auto","background-attachment":"scroll","background-type":"","background-media":"","overlay-type":"","overlay-color":"","overlay-opacity":"","overlay-gradient":""},"tablet":{"background-color":"var(--ast-global-color-5)","background-image":"","background-repeat":"repeat","background-position":"center center","background-size":"auto","background-attachment":"scroll","background-type":"","background-media":"","overlay-type":"","overlay-color":"","overlay-opacity":"","overlay-gradient":""},"mobile":{"background-color":"var(--ast-global-color-5)","background-image":"","background-repeat":"repeat","background-position":"center center","background-size":"auto","background-attachment":"scroll","background-type":"","background-media":"","overlay-type":"","overlay-color":"","overlay-opacity":"","overlay-gradient":""}}},"product_brand":[],"product_cat":[89],"product_tag":[],"class_list":{"0":"post-2523","1":"product","2":"type-product","3":"status-publish","4":"has-post-thumbnail","6":"product_cat-invertoare-hybrid","7":"desktop-align-left","8":"tablet-align-left","9":"mobile-align-left","10":"ast-product-gallery-layout-horizontal-slider","11":"ast-product-tabs-layout-horizontal","12":"ast-qv-on-image","14":"first","15":"instock","16":"shipping-taxable","17":"purchasable","18":"product-type-simple"},"spectra_custom_meta":{"_regular_price":["2950"],"total_sales":["0"],"_tax_status":["taxable"],"_tax_class":[""],"_manage_stock":["no"],"_backorders":["no"],"_sold_individually":["no"],"_virtual":["no"],"_downloadable":["no"],"_product_image_gallery":["2520"],"_download_limit":["0"],"_download_expiry":["0"],"_thumbnail_id":["2521"],"_stock":[null],"_stock_status":["instock"],"_wc_average_rating":["0"],"_wc_review_count":["0"],"_product_version":["10.4.3"],"_price":["2950"],"mb_page_sidebar_layout":[""],"mb_page_sidebar_def_width":[""],"mb_sticky_sidebar":[""],"mb_sidebar_gap":[""],"mb_customize_header_layout":[""],"mb_header_content_type":[""],"mb_header_sticky":[""],"mb_sticky_header_content_type":[""],"mb_page_title_switch":[""],"mb_page_title_bg_switch":[""],"mb_page_title_height":[""],"mb_page_title_align":[""],"mb_page_title_border_switch":[""],"mb_page_title_border_color":[""],"mb_page_title_parallax":[""],"mb_page_title_parallax_speed":[""],"mb_page_change_tile_switch":[""],"mb_page_title_breadcrumbs_switch":[""],"mb_page_title_breadcrumbs_align":[""],"mb_page_title_breadcrumbs_block_switch":[""],"mb_page_title_resp_switch":[""],"mb_page_title_resp_resolution":[""],"mb_page_title_resp_height":[""],"mb_page_title_resp_breadcrumbs_switch":[""],"ekit_post_views_count":[""],"woolentor_total_stock_quantity":[""],"woolentor_cart_custom_content":[""],"om_disable_all_campaigns":[""],"mb_mobile_menu_header":[""],"classic-editor-remember":[""],"site-sidebar-layout":["default"],"ast-site-content-layout":["default"],"site-content-style":["default"],"site-sidebar-style":["default"],"theme-transparent-header-meta":["default"],"stick-header-meta":["default"],"_wp_page_template":[""],"_button_text":[""],"_product_url":[""],"_wp_old_date":["2024-09-27"],"_pentru_instalatori":["field_66fa842bd9d41"],"pre_special":[""],"_pre_special":["field_66fa8a23671f6"],"woolentor_views_count_product":["1523"],"_selectproduct_layout":[""],"_saleflash_text":[""],"_edit_lock":["1771452405:2"],"_edit_last":["2"],"_product_attributes":["a:4:{s:19:\"pa_brand-invertoare\";a:6:{s:4:\"name\";s:19:\"pa_brand-invertoare\";s:5:\"value\";s:0:\"\";s:8:\"position\";i:0;s:10:\"is_visible\";i:1;s:12:\"is_variation\";i:0;s:11:\"is_taxonomy\";i:1;}s:28:\"pa_dupa-puterea-invertorului\";a:6:{s:4:\"name\";s:28:\"pa_dupa-puterea-invertorului\";s:5:\"value\";s:0:\"\";s:8:\"position\";i:1;s:10:\"is_visible\";i:1;s:12:\"is_variation\";i:0;s:11:\"is_taxonomy\";i:1;}s:18:\"pa_tip-de-invertor\";a:6:{s:4:\"name\";s:18:\"pa_tip-de-invertor\";s:5:\"value\";s:0:\"\";s:8:\"position\";i:2;s:10:\"is_visible\";i:1;s:12:\"is_variation\";i:0;s:11:\"is_taxonomy\";i:1;}s:21:\"pa_monofazat-trifazat\";a:6:{s:4:\"name\";s:21:\"pa_monofazat-trifazat\";s:5:\"value\";s:0:\"\";s:8:\"position\";i:3;s:10:\"is_visible\";i:1;s:12:\"is_variation\";i:0;s:11:\"is_taxonomy\";i:1;}}"],"_wp_old_slug":["deye-invertor-hybrid-15-kw-48v-cu-2xmppt-model-sun-15k-sg05lp3-eu-sm2-trifazat"],"_jet_woo_template":[""],"_template_type":["default"],"astra-migrate-meta-layouts":["set"],"_uag_page_assets":["a:9:{s:3:\"css\";s:3164:\".uag-blocks-common-selector{z-index:var(--z-index-desktop) !important}@media (max-width: 976px){.uag-blocks-common-selector{z-index:var(--z-index-tablet) !important}}@media (max-width: 767px){.uag-blocks-common-selector{z-index:var(--z-index-mobile) !important}}\n.wp-block-uagb-advanced-heading h1,.wp-block-uagb-advanced-heading h2,.wp-block-uagb-advanced-heading h3,.wp-block-uagb-advanced-heading h4,.wp-block-uagb-advanced-heading h5,.wp-block-uagb-advanced-heading h6,.wp-block-uagb-advanced-heading p,.wp-block-uagb-advanced-heading div{word-break:break-word}.wp-block-uagb-advanced-heading .uagb-heading-text{margin:0}.wp-block-uagb-advanced-heading .uagb-desc-text{margin:0}.wp-block-uagb-advanced-heading .uagb-separator{font-size:0;border-top-style:solid;display:inline-block;margin:0 0 10px 0}.wp-block-uagb-advanced-heading .uagb-highlight{color:#f78a0c;border:0;transition:all 0.3s ease}.uag-highlight-toolbar{border-left:0;border-top:0;border-bottom:0;border-radius:0;border-right-color:#1e1e1e}.uag-highlight-toolbar .components-button{border-radius:0;outline:none}.uag-highlight-toolbar .components-button.is-primary{color:#fff}\n.wp-block-uagb-advanced-heading.uagb-block-c71902d3.wp-block-uagb-advanced-heading .uagb-desc-text{margin-bottom: 15px;}.wp-block-uagb-advanced-heading.uagb-block-c71902d3.wp-block-uagb-advanced-heading .uagb-highlight{font-style: normal;font-weight: Default;background: #007cba;color: #fff;-webkit-text-fill-color: #fff;}.wp-block-uagb-advanced-heading.uagb-block-c71902d3.wp-block-uagb-advanced-heading .uagb-highlight::-moz-selection{color: #fff;background: #007cba;-webkit-text-fill-color: #fff;}.wp-block-uagb-advanced-heading.uagb-block-c71902d3.wp-block-uagb-advanced-heading .uagb-highlight::selection{color: #fff;background: #007cba;-webkit-text-fill-color: #fff;}.wp-block-uagb-advanced-heading.uagb-block-b44a46e4.wp-block-uagb-advanced-heading .uagb-desc-text{margin-bottom: 15px;}.wp-block-uagb-advanced-heading.uagb-block-b44a46e4.wp-block-uagb-advanced-heading .uagb-highlight{font-style: normal;font-weight: Default;background: #007cba;color: #fff;-webkit-text-fill-color: #fff;}.wp-block-uagb-advanced-heading.uagb-block-b44a46e4.wp-block-uagb-advanced-heading .uagb-highlight::-moz-selection{color: #fff;background: #007cba;-webkit-text-fill-color: #fff;}.wp-block-uagb-advanced-heading.uagb-block-b44a46e4.wp-block-uagb-advanced-heading .uagb-highlight::selection{color: #fff;background: #007cba;-webkit-text-fill-color: #fff;}.wp-block-uagb-advanced-heading.uagb-block-632ea407.wp-block-uagb-advanced-heading .uagb-desc-text{margin-bottom: 15px;}.wp-block-uagb-advanced-heading.uagb-block-632ea407.wp-block-uagb-advanced-heading .uagb-highlight{font-style: normal;font-weight: Default;background: #007cba;color: #fff;-webkit-text-fill-color: #fff;}.wp-block-uagb-advanced-heading.uagb-block-632ea407.wp-block-uagb-advanced-heading .uagb-highlight::-moz-selection{color: #fff;background: #007cba;-webkit-text-fill-color: #fff;}.wp-block-uagb-advanced-heading.uagb-block-632ea407.wp-block-uagb-advanced-heading .uagb-highlight::selection{color: #fff;background: #007cba;-webkit-text-fill-color: #fff;}\";s:2:\"js\";s:0:\"\";s:18:\"current_block_list\";a:13:{i:0;s:11:\"core\/search\";i:1;s:10:\"core\/group\";i:2;s:12:\"core\/heading\";i:3;s:17:\"core\/latest-posts\";i:4;s:20:\"core\/latest-comments\";i:5;s:13:\"core\/archives\";i:6;s:15:\"core\/categories\";i:7;s:21:\"uagb\/advanced-heading\";i:8;s:10:\"core\/image\";i:9;s:26:\"woocommerce\/filter-wrapper\";i:10;s:24:\"woocommerce\/price-filter\";i:11;s:28:\"woocommerce\/attribute-filter\";i:13;s:26:\"woocommerce\/active-filters\";}s:8:\"uag_flag\";b:1;s:11:\"uag_version\";s:10:\"1776362222\";s:6:\"gfonts\";a:0:{}s:10:\"gfonts_url\";s:0:\"\";s:12:\"gfonts_files\";a:0:{}s:14:\"uag_faq_layout\";b:0;}"],"_uag_css_file_name":["uag-css-2523.css"]},"uagb_featured_image_src":{"full":["https:\/\/deye.md\/wp-content\/uploads\/2024\/09\/sun-8-12k-sg05lp3-eu-sm22.webp",972,1080,false],"thumbnail":["https:\/\/deye.md\/wp-content\/uploads\/2024\/09\/sun-8-12k-sg05lp3-eu-sm22-150x150.webp",150,150,true],"medium":["https:\/\/deye.md\/wp-content\/uploads\/2024\/09\/sun-8-12k-sg05lp3-eu-sm22-270x300.webp",270,300,true],"medium_large":["https:\/\/deye.md\/wp-content\/uploads\/2024\/09\/sun-8-12k-sg05lp3-eu-sm22-768x853.webp",768,853,true],"large":["https:\/\/deye.md\/wp-content\/uploads\/2024\/09\/sun-8-12k-sg05lp3-eu-sm22-922x1024.webp",922,1024,true],"1536x1536":["https:\/\/deye.md\/wp-content\/uploads\/2024\/09\/sun-8-12k-sg05lp3-eu-sm22.webp",972,1080,false],"2048x2048":["https:\/\/deye.md\/wp-content\/uploads\/2024\/09\/sun-8-12k-sg05lp3-eu-sm22.webp",972,1080,false],"trp-custom-language-flag":["https:\/\/deye.md\/wp-content\/uploads\/2024\/09\/sun-8-12k-sg05lp3-eu-sm22.webp",11,12,false],"woocommerce_thumbnail":["https:\/\/deye.md\/wp-content\/uploads\/2024\/09\/sun-8-12k-sg05lp3-eu-sm22-300x300.webp",300,300,true],"woocommerce_single":["https:\/\/deye.md\/wp-content\/uploads\/2024\/09\/sun-8-12k-sg05lp3-eu-sm22-600x667.webp",600,667,true],"woocommerce_gallery_thumbnail":["https:\/\/deye.md\/wp-content\/uploads\/2024\/09\/sun-8-12k-sg05lp3-eu-sm22-100x100.webp",100,100,true]},"uagb_author_info":{"display_name":"admin","author_link":"https:\/\/deye.md\/ru\/archives\/author"},"uagb_comment_info":0,"uagb_excerpt":"Pre\u021b mai mic pentru instalatori \u0219i cump\u0103r\u0103tori angro. Detalii pe Whatsapp sau email. &nbsp; Invertor hibrid Deye, unul dintre cei mai importan\u021bi produc\u0103tori mondiali de acumulatoare. Modelul Deye 20 KW HV\u00a0 dispune de func\u021bie complet\u0103 de backup integrat, astfel \u00eenc\u00e2t poate combina energia generat\u0103 de panourile fotovoltaice, energia stocat\u0103 \u00een baterie \u0219i re\u021beaua electric\u0103 pentru&hellip;","_links":{"self":[{"href":"https:\/\/deye.md\/ru\/wp-json\/wp\/v2\/product\/2523","targetHints":{"allow":["GET"]}}],"collection":[{"href":"https:\/\/deye.md\/ru\/wp-json\/wp\/v2\/product"}],"about":[{"href":"https:\/\/deye.md\/ru\/wp-json\/wp\/v2\/types\/product"}],"wp:featuredmedia":[{"embeddable":true,"href":"https:\/\/deye.md\/ru\/wp-json\/wp\/v2\/media\/2521"}],"wp:attachment":[{"href":"https:\/\/deye.md\/ru\/wp-json\/wp\/v2\/media?parent=2523"}],"wp:term":[{"taxonomy":"product_brand","embeddable":true,"href":"https:\/\/deye.md\/ru\/wp-json\/wp\/v2\/product_brand?post=2523"},{"taxonomy":"product_cat","embeddable":true,"href":"https:\/\/deye.md\/ru\/wp-json\/wp\/v2\/product_cat?post=2523"},{"taxonomy":"product_tag","embeddable":true,"href":"https:\/\/deye.md\/ru\/wp-json\/wp\/v2\/product_tag?post=2523"}],"curies":[{"name":"wp","href":"https:\/\/api.w.org\/{rel}","templated":true}]}}