{"id":2344,"date":"2024-10-29T22:24:32","date_gmt":"2024-10-29T19:24:32","guid":{"rendered":"https:\/\/deye.md\/?post_type=product&#038;p=2344"},"modified":"2026-01-07T21:21:39","modified_gmt":"2026-01-07T18:21:39","slug":"batareya-lv-10-24-kwh-51-2v-200-ah-kompyuter-bms-vklyuchen-s-ekranom-i-dvumya-zashhitami-ot-perenapryazheniya","status":"publish","type":"product","link":"https:\/\/deye.md\/ru\/produkt\/batareya-lv-10-24-kwh-51-2v-200-ah-kompyuter-bms-vklyuchen-s-ekranom-i-dvumya-zashhitami-ot-perenapryazheniya","title":{"rendered":"Baterie LV 10,24 kWh\/ 51.2v\/ 200 AH\/ Computer BMS inclus cu ecran \u0219i dou\u0103 protec\u021bii la tensiune joas\u0103"},"content":{"rendered":"<h3>\u041a\u0440\u0430\u0442\u043a\u043e\u0435 \u043e\u043f\u0438\u0441\u0430\u043d\u0438\u0435 \u043e\u0441\u043d\u043e\u0432\u043d\u044b\u0445 \u0444\u0443\u043d\u043a\u0446\u0438\u0439<\/h3>\n<ul>\n<li>LiFePO4 \u0438\u0441\u043f\u043e\u043b\u044c\u0437\u0443\u0435\u0442\u0441\u044f \u0432 \u043a\u0430\u0447\u0435\u0441\u0442\u0432\u0435 \u043f\u043e\u043b\u043e\u0436\u0438\u0442\u0435\u043b\u044c\u043d\u043e\u0433\u043e \u043c\u0430\u0442\u0435\u0440\u0438\u0430\u043b\u0430, \u0447\u0442\u043e \u043e\u0431\u0435\u0441\u043f\u0435\u0447\u0438\u0432\u0430\u0435\u0442 \u0434\u043e\u043b\u0433\u0438\u0439 \u0441\u0440\u043e\u043a \u0441\u043b\u0443\u0436\u0431\u044b \u0438 \u0432\u044b\u0441\u043e\u043a\u0443\u044e \u0431\u0435\u0437\u043e\u043f\u0430\u0441\u043d\u043e\u0441\u0442\u044c.<\/li>\n<li>\u0421\u0440\u043e\u043a \u0441\u043b\u0443\u0436\u0431\u044b \u2014 \u043d\u0435 \u043c\u0435\u043d\u0435\u0435 6000 \u0446\u0438\u043a\u043b\u043e\u0432 \u043f\u0440\u0438 80% DOD, 0,5C.<\/li>\n<li>BMS \u043e\u0431\u0435\u0441\u043f\u0435\u0447\u0438\u0432\u0430\u0435\u0442 \u0437\u0430\u0449\u0438\u0442\u0443 \u043f\u043e \u043d\u0430\u043f\u0440\u044f\u0436\u0435\u043d\u0438\u044e, \u0442\u043e\u043a\u0443, \u0442\u0435\u043c\u043f\u0435\u0440\u0430\u0442\u0443\u0440\u0435 \u0438 \u0444\u0443\u043d\u043a\u0446\u0438\u0438 \u0441\u0438\u0433\u043d\u0430\u043b\u0438\u0437\u0430\u0446\u0438\u0438.<\/li>\n<li>\u041c\u043e\u0434\u0443\u043b\u044c BMS \u0438\u0437\u043c\u0435\u0440\u044f\u0435\u0442 \u0442\u043e\u043a, \u043d\u0430\u043f\u0440\u044f\u0436\u0435\u043d\u0438\u0435, \u0442\u0435\u043c\u043f\u0435\u0440\u0430\u0442\u0443\u0440\u0443 \u044f\u0447\u0435\u0439\u043a\u0438 \u0438 \u043e\u043a\u0440\u0443\u0436\u0430\u044e\u0449\u0435\u0439 \u0441\u0440\u0435\u0434\u044b.<\/li>\n<li>\u041a\u043e\u043d\u0441\u0442\u0440\u0443\u043a\u0446\u0438\u044f \u0434\u043b\u044f \u0443\u0441\u0442\u0430\u043d\u043e\u0432\u043a\u0438 \u0432 \u0441\u0442\u043e\u0439\u043a\u0443, \u043f\u043e\u0434\u0445\u043e\u0434\u0438\u0442 \u0434\u043b\u044f IT-\u0441\u0442\u043e\u0435\u043a &gt;=600 \u043c\u043c. \u041a\u043e\u043c\u043f\u0430\u043a\u0442\u043d\u044b\u0439 \u0434\u0438\u0437\u0430\u0439\u043d 3U, 5,12 kWh. \u0414\u043e\u0441\u0442\u0443\u043f\u043d\u0430\u044f \u0451\u043c\u043a\u043e\u0441\u0442\u044c \u0441\u0438\u0441\u0442\u0435\u043c\u044b \u0434\u043e 82 kWh.<\/li>\n<li>\u041c\u043e\u0434\u0443\u043b\u044c\u043d\u044b\u0439 \u0434\u0438\u0437\u0430\u0439\u043d \u0434\u043b\u044f \u043b\u0451\u0433\u043a\u043e\u0433\u043e \u043f\u0430\u0440\u0430\u043b\u043b\u0435\u043b\u044c\u043d\u043e\u0433\u043e \u043f\u043e\u0434\u043a\u043b\u044e\u0447\u0435\u043d\u0438\u044f, \u0434\u043e\u0441\u0442\u0443\u043f\u0435\u043d \u043e\u043f\u0446\u0438\u043e\u043d\u0430\u043b\u044c\u043d\u044b\u0439 \u043a\u043e\u043c\u0431\u0438\u043d\u0438\u0440\u043e\u0432\u0430\u043d\u043d\u044b\u0439 \u043c\u043e\u0434\u0443\u043b\u044c.<\/li>\n<li>\u0421\u0435\u0440\u0442\u0438\u0444\u0438\u0446\u0438\u0440\u043e\u0432\u0430\u043d\u043e \u0432 \u0441\u043e\u043e\u0442\u0432\u0435\u0442\u0441\u0442\u0432\u0438\u0438 \u0441\u043e \u0441\u0442\u0430\u043d\u0434\u0430\u0440\u0442\u0430\u043c\u0438 IEC\/UL.<\/li>\n<li>\u0420\u0430\u0441\u0447\u0451\u0442\u043d\u044b\u0439 \u0441\u0440\u043e\u043a \u0441\u043b\u0443\u0436\u0431\u044b \u043d\u0435 \u043c\u0435\u043d\u0435\u0435 15 \u043b\u0435\u0442.<\/li>\n<li>\u0421\u043e\u0432\u043c\u0435\u0441\u0442\u0438\u043c\u043e\u0441\u0442\u044c \u0441 \u043e\u0441\u043d\u043e\u0432\u043d\u044b\u043c\u0438 \u043c\u0430\u0440\u043a\u0430\u043c\u0438 \u0438\u043d\u0432\u0435\u0440\u0442\u043e\u0440\u043e\u0432 \u043d\u0430 \u0440\u044b\u043d\u043a\u0435.<\/li>\n<li>\u041f\u0440\u043e\u0444\u0435\u0441\u0441\u0438\u043e\u043d\u0430\u043b\u044c\u043d\u044b\u0439 \u0434\u0438\u0437\u0430\u0439\u043d OEM\/ODM. \u041f\u0440\u0435\u0434\u043e\u0441\u0442\u0430\u0432\u043b\u044f\u0435\u0442 \u0433\u0438\u0431\u043a\u0438\u0435 \u0432\u0430\u0440\u0438\u0430\u043d\u0442\u044b \u0434\u043b\u044f \u043a\u043b\u0438\u0435\u043d\u0442\u043e\u0432 \u043f\u043e \u0432\u0441\u0435\u043c\u0443 \u043c\u0438\u0440\u0443.<\/li>\n<\/ul>\n<p><img fetchpriority=\"high\" decoding=\"async\" class=\"alignnone wp-image-2148 size-full\" src=\"https:\/\/deye.md\/wp-content\/uploads\/2024\/08\/2023111615411743c85ea3f29e46608a1154fd069b3596.webp\" alt=\"\" width=\"980\" height=\"1246\" srcset=\"https:\/\/deye.md\/wp-content\/uploads\/2024\/08\/2023111615411743c85ea3f29e46608a1154fd069b3596.webp 980w, https:\/\/deye.md\/wp-content\/uploads\/2024\/08\/2023111615411743c85ea3f29e46608a1154fd069b3596-236x300.webp 236w, https:\/\/deye.md\/wp-content\/uploads\/2024\/08\/2023111615411743c85ea3f29e46608a1154fd069b3596-805x1024.webp 805w, https:\/\/deye.md\/wp-content\/uploads\/2024\/08\/2023111615411743c85ea3f29e46608a1154fd069b3596-768x976.webp 768w, https:\/\/deye.md\/wp-content\/uploads\/2024\/08\/2023111615411743c85ea3f29e46608a1154fd069b3596-600x763.webp 600w\" sizes=\"(max-width: 980px) 100vw, 980px\" \/><\/p>","protected":false},"excerpt":{"rendered":"<div style=\"background-color: #28a745; padding: 10px 15px; border-radius: 10px; max-width: 760px; text-align: center;\">\n<p style=\"color: #000000; font-family: Arial, sans-serif; font-size: 18px; margin: 0; line-height: 1.2;\">\u0421\u043a\u0438\u0434\u043a\u0430 \u0434\u043b\u044f \u0443\u0441\u0442\u0430\u043d\u043e\u0432\u0449\u0438\u043a\u043e\u0432 \u0438 \u043e\u043f\u0442\u043e\u0432\u0438\u043a\u043e\u0432. \u041f\u043e\u0434\u0440\u043e\u0431\u043d\u043e\u0441\u0442\u0438 \u0432 Whatsapp \u0438\u043b\u0438 email.<\/p>\n<\/div>\n<p>Baterie LV 10,24 kWh cu BMS computerizat, ecran \u0219i dou\u0103 protec\u021bii de supratensiune Capacitatea variaz\u0103 de la 10,24 kWh l. Garan\u021bie de 6000 cicluri sau\u00a0 5 ani. Dac\u0103 sunte\u021bi \u00een c\u0103utarea calit\u0103\u021bii, celulele de la cunoscuta companie EVE sunt num\u0103rul 1 \u00een rating.<\/p>\n<p>Sunt compatibile practic cu 90 % de invertoare de la 48 v de tensiune joasa LV.<\/p>","protected":false},"featured_media":2152,"template":"","meta":{"_uag_custom_page_level_css":"","site-sidebar-layout":"default","site-content-layout":"","ast-site-content-layout":"default","site-content-style":"default","site-sidebar-style":"default","ast-global-header-display":"","ast-banner-title-visibility":"","ast-main-header-display":"","ast-hfb-above-header-display":"","ast-hfb-below-header-display":"","ast-hfb-mobile-header-display":"","site-post-title":"","ast-breadcrumbs-content":"","ast-featured-img":"","footer-sml-layout":"","ast-disable-related-posts":"","theme-transparent-header-meta":"default","adv-header-id-meta":"","stick-header-meta":"default","header-above-stick-meta":"","header-main-stick-meta":"","header-below-stick-meta":"","astra-migrate-meta-layouts":"set","ast-page-background-enabled":"default","ast-page-background-meta":{"desktop":{"background-color":"var(--ast-global-color-4)","background-image":"","background-repeat":"repeat","background-position":"center center","background-size":"auto","background-attachment":"scroll","background-type":"","background-media":"","overlay-type":"","overlay-color":"","overlay-opacity":"","overlay-gradient":""},"tablet":{"background-color":"","background-image":"","background-repeat":"repeat","background-position":"center center","background-size":"auto","background-attachment":"scroll","background-type":"","background-media":"","overlay-type":"","overlay-color":"","overlay-opacity":"","overlay-gradient":""},"mobile":{"background-color":"","background-image":"","background-repeat":"repeat","background-position":"center center","background-size":"auto","background-attachment":"scroll","background-type":"","background-media":"","overlay-type":"","overlay-color":"","overlay-opacity":"","overlay-gradient":""}},"ast-content-background-meta":{"desktop":{"background-color":"var(--ast-global-color-5)","background-image":"","background-repeat":"repeat","background-position":"center center","background-size":"auto","background-attachment":"scroll","background-type":"","background-media":"","overlay-type":"","overlay-color":"","overlay-opacity":"","overlay-gradient":""},"tablet":{"background-color":"var(--ast-global-color-5)","background-image":"","background-repeat":"repeat","background-position":"center center","background-size":"auto","background-attachment":"scroll","background-type":"","background-media":"","overlay-type":"","overlay-color":"","overlay-opacity":"","overlay-gradient":""},"mobile":{"background-color":"var(--ast-global-color-5)","background-image":"","background-repeat":"repeat","background-position":"center center","background-size":"auto","background-attachment":"scroll","background-type":"","background-media":"","overlay-type":"","overlay-color":"","overlay-opacity":"","overlay-gradient":""}}},"product_brand":[],"product_cat":[81],"product_tag":[],"class_list":{"0":"post-2344","1":"product","2":"type-product","3":"status-publish","4":"has-post-thumbnail","6":"product_cat-acumulatoare","7":"desktop-align-left","8":"tablet-align-left","9":"mobile-align-left","10":"ast-product-gallery-layout-horizontal-slider","11":"ast-product-gallery-with-no-image","12":"ast-product-tabs-layout-horizontal","13":"ast-qv-on-image","15":"first","16":"instock","17":"shipping-taxable","18":"purchasable","19":"product-type-simple"},"spectra_custom_meta":{"total_sales":["0"],"site-sidebar-layout":["default"],"ast-site-content-layout":["default"],"site-content-style":["default"],"site-sidebar-style":["default"],"theme-transparent-header-meta":["default"],"stick-header-meta":["default"],"_thumbnail_id":["2152"],"_backorders":["no"],"_download_expiry":["-1"],"_download_limit":["-1"],"_downloadable":["no"],"_manage_stock":["no"],"_price":["1900"],"_regular_price":["1900"],"_sold_individually":["no"],"_stock":[null],"_tax_class":[""],"_tax_status":["taxable"],"_virtual":["no"],"_stock_status":["instock"],"_wc_average_rating":["0"],"_wc_review_count":["0"],"_product_version":["10.4.3"],"_edit_lock":["1767809988:1"],"woolentor_views_count_product":["1598"],"_wp_old_slug":["baterie-lv-10-24-kwh-51-2v-200-ah-computer-bms-inclus-cu-ecran-si-doua-protectii-la-supratensiune__trashed"],"_edit_last":["1"],"_selectproduct_layout":[""],"woolentor_cart_custom_content":[""],"woolentor_total_stock_quantity":[""],"_saleflash_text":[""],"_product_attributes":["a:1:{s:25:\"pa_puterea-acumulatorului\";a:6:{s:4:\"name\";s:25:\"pa_puterea-acumulatorului\";s:5:\"value\";s:0:\"\";s:8:\"position\";i:0;s:10:\"is_visible\";i:1;s:12:\"is_variation\";i:0;s:11:\"is_taxonomy\";i:1;}}"],"_jet_woo_template":[""],"_template_type":["default"],"astra-migrate-meta-layouts":["set"],"_uag_page_assets":["a:9:{s:3:\"css\";s:3164:\".uag-blocks-common-selector{z-index:var(--z-index-desktop) !important}@media (max-width: 976px){.uag-blocks-common-selector{z-index:var(--z-index-tablet) !important}}@media (max-width: 767px){.uag-blocks-common-selector{z-index:var(--z-index-mobile) !important}}\n.wp-block-uagb-advanced-heading h1,.wp-block-uagb-advanced-heading h2,.wp-block-uagb-advanced-heading h3,.wp-block-uagb-advanced-heading h4,.wp-block-uagb-advanced-heading h5,.wp-block-uagb-advanced-heading h6,.wp-block-uagb-advanced-heading p,.wp-block-uagb-advanced-heading div{word-break:break-word}.wp-block-uagb-advanced-heading .uagb-heading-text{margin:0}.wp-block-uagb-advanced-heading .uagb-desc-text{margin:0}.wp-block-uagb-advanced-heading .uagb-separator{font-size:0;border-top-style:solid;display:inline-block;margin:0 0 10px 0}.wp-block-uagb-advanced-heading .uagb-highlight{color:#f78a0c;border:0;transition:all 0.3s ease}.uag-highlight-toolbar{border-left:0;border-top:0;border-bottom:0;border-radius:0;border-right-color:#1e1e1e}.uag-highlight-toolbar .components-button{border-radius:0;outline:none}.uag-highlight-toolbar .components-button.is-primary{color:#fff}\n.wp-block-uagb-advanced-heading.uagb-block-c71902d3.wp-block-uagb-advanced-heading .uagb-desc-text{margin-bottom: 15px;}.wp-block-uagb-advanced-heading.uagb-block-c71902d3.wp-block-uagb-advanced-heading .uagb-highlight{font-style: normal;font-weight: Default;background: #007cba;color: #fff;-webkit-text-fill-color: #fff;}.wp-block-uagb-advanced-heading.uagb-block-c71902d3.wp-block-uagb-advanced-heading .uagb-highlight::-moz-selection{color: #fff;background: #007cba;-webkit-text-fill-color: #fff;}.wp-block-uagb-advanced-heading.uagb-block-c71902d3.wp-block-uagb-advanced-heading .uagb-highlight::selection{color: #fff;background: #007cba;-webkit-text-fill-color: #fff;}.wp-block-uagb-advanced-heading.uagb-block-b44a46e4.wp-block-uagb-advanced-heading .uagb-desc-text{margin-bottom: 15px;}.wp-block-uagb-advanced-heading.uagb-block-b44a46e4.wp-block-uagb-advanced-heading .uagb-highlight{font-style: normal;font-weight: Default;background: #007cba;color: #fff;-webkit-text-fill-color: #fff;}.wp-block-uagb-advanced-heading.uagb-block-b44a46e4.wp-block-uagb-advanced-heading .uagb-highlight::-moz-selection{color: #fff;background: #007cba;-webkit-text-fill-color: #fff;}.wp-block-uagb-advanced-heading.uagb-block-b44a46e4.wp-block-uagb-advanced-heading .uagb-highlight::selection{color: #fff;background: #007cba;-webkit-text-fill-color: #fff;}.wp-block-uagb-advanced-heading.uagb-block-632ea407.wp-block-uagb-advanced-heading .uagb-desc-text{margin-bottom: 15px;}.wp-block-uagb-advanced-heading.uagb-block-632ea407.wp-block-uagb-advanced-heading .uagb-highlight{font-style: normal;font-weight: Default;background: #007cba;color: #fff;-webkit-text-fill-color: #fff;}.wp-block-uagb-advanced-heading.uagb-block-632ea407.wp-block-uagb-advanced-heading .uagb-highlight::-moz-selection{color: #fff;background: #007cba;-webkit-text-fill-color: #fff;}.wp-block-uagb-advanced-heading.uagb-block-632ea407.wp-block-uagb-advanced-heading .uagb-highlight::selection{color: #fff;background: #007cba;-webkit-text-fill-color: #fff;}\";s:2:\"js\";s:0:\"\";s:18:\"current_block_list\";a:13:{i:0;s:11:\"core\/search\";i:1;s:10:\"core\/group\";i:2;s:12:\"core\/heading\";i:3;s:17:\"core\/latest-posts\";i:4;s:20:\"core\/latest-comments\";i:5;s:13:\"core\/archives\";i:6;s:15:\"core\/categories\";i:7;s:21:\"uagb\/advanced-heading\";i:8;s:10:\"core\/image\";i:9;s:26:\"woocommerce\/filter-wrapper\";i:10;s:24:\"woocommerce\/price-filter\";i:11;s:28:\"woocommerce\/attribute-filter\";i:13;s:26:\"woocommerce\/active-filters\";}s:8:\"uag_flag\";b:1;s:11:\"uag_version\";s:10:\"1776362130\";s:6:\"gfonts\";a:0:{}s:10:\"gfonts_url\";s:0:\"\";s:12:\"gfonts_files\";a:0:{}s:14:\"uag_faq_layout\";b:0;}"],"_uag_css_file_name":["uag-css-2344.css"]},"uagb_featured_image_src":{"full":["https:\/\/deye.md\/wp-content\/uploads\/2024\/09\/akb-5.12-kw.jpg",1280,960,false],"thumbnail":["https:\/\/deye.md\/wp-content\/uploads\/2024\/09\/akb-5.12-kw-150x150.jpg",150,150,true],"medium":["https:\/\/deye.md\/wp-content\/uploads\/2024\/09\/akb-5.12-kw-300x225.jpg",300,225,true],"medium_large":["https:\/\/deye.md\/wp-content\/uploads\/2024\/09\/akb-5.12-kw-768x576.jpg",768,576,true],"large":["https:\/\/deye.md\/wp-content\/uploads\/2024\/09\/akb-5.12-kw-1024x768.jpg",1024,768,true],"1536x1536":["https:\/\/deye.md\/wp-content\/uploads\/2024\/09\/akb-5.12-kw.jpg",1280,960,false],"2048x2048":["https:\/\/deye.md\/wp-content\/uploads\/2024\/09\/akb-5.12-kw.jpg",1280,960,false],"trp-custom-language-flag":["https:\/\/deye.md\/wp-content\/uploads\/2024\/09\/akb-5.12-kw.jpg",16,12,false],"woocommerce_thumbnail":["https:\/\/deye.md\/wp-content\/uploads\/2024\/09\/akb-5.12-kw-300x300.jpg",300,300,true],"woocommerce_single":["https:\/\/deye.md\/wp-content\/uploads\/2024\/09\/akb-5.12-kw-600x450.jpg",600,450,true],"woocommerce_gallery_thumbnail":["https:\/\/deye.md\/wp-content\/uploads\/2024\/09\/akb-5.12-kw-100x100.jpg",100,100,true]},"uagb_author_info":{"display_name":"Octavian","author_link":"https:\/\/deye.md\/ru\/archives\/author"},"uagb_comment_info":0,"uagb_excerpt":"Pre\u021b mai mic pentru instalatori \u0219i cump\u0103r\u0103tori en-gros. Detalii \u00een Whatsapp sau prin e-mail. Baterie LV 10,24 kWh cu BMS computerizat, ecran \u0219i dou\u0103 protec\u021bii de supratensiune Capacitatea variaz\u0103 de la 10,24 kWh l. Garan\u021bie de 6000 cicluri sau\u00a0 5 ani. Dac\u0103 sunte\u021bi \u00een c\u0103utarea calit\u0103\u021bii, celulele de la cunoscuta companie EVE sunt num\u0103rul 1&hellip;","_links":{"self":[{"href":"https:\/\/deye.md\/ru\/wp-json\/wp\/v2\/product\/2344","targetHints":{"allow":["GET"]}}],"collection":[{"href":"https:\/\/deye.md\/ru\/wp-json\/wp\/v2\/product"}],"about":[{"href":"https:\/\/deye.md\/ru\/wp-json\/wp\/v2\/types\/product"}],"wp:featuredmedia":[{"embeddable":true,"href":"https:\/\/deye.md\/ru\/wp-json\/wp\/v2\/media\/2152"}],"wp:attachment":[{"href":"https:\/\/deye.md\/ru\/wp-json\/wp\/v2\/media?parent=2344"}],"wp:term":[{"taxonomy":"product_brand","embeddable":true,"href":"https:\/\/deye.md\/ru\/wp-json\/wp\/v2\/product_brand?post=2344"},{"taxonomy":"product_cat","embeddable":true,"href":"https:\/\/deye.md\/ru\/wp-json\/wp\/v2\/product_cat?post=2344"},{"taxonomy":"product_tag","embeddable":true,"href":"https:\/\/deye.md\/ru\/wp-json\/wp\/v2\/product_tag?post=2344"}],"curies":[{"name":"wp","href":"https:\/\/api.w.org\/{rel}","templated":true}]}}