{"id":2252,"date":"2024-09-29T18:29:05","date_gmt":"2024-09-29T15:29:05","guid":{"rendered":"https:\/\/deye.md\/?post_type=product&#038;p=2252"},"modified":"2026-01-14T20:19:58","modified_gmt":"2026-01-14T17:19:58","slug":"portativnaya-batareya-moshhnostyu-2000-w-s-batareej-lifepo4-zaryadka-ot-solnechnyh-panelej-ili-ot-rozetki","status":"publish","type":"product","link":"https:\/\/deye.md\/ru\/produkt\/portativnaya-batareya-moshhnostyu-2000-w-s-batareej-lifepo4-zaryadka-ot-solnechnyh-panelej-ili-ot-rozetki","title":{"rendered":"\u041f\u043e\u0440\u0442\u0430\u0442\u0438\u0432\u043d\u0430\u044f \u0431\u0430\u0442\u0430\u0440\u0435\u044f \u043c\u043e\u0449\u043d\u043e\u0441\u0442\u044c\u044e 2000 W \u0441 \u0430\u043a\u043a\u0443\u043c\u0443\u043b\u044f\u0442\u043e\u0440\u043e\u043c LiFePO4. \u0417\u0430\u0440\u044f\u0434\u043a\u0430 \u043e\u0442 \u0441\u043e\u043b\u043d\u0435\u0447\u043d\u044b\u0445 \u043f\u0430\u043d\u0435\u043b\u0435\u0439 \u0438\u043b\u0438 \u043e\u0442 \u0440\u043e\u0437\u0435\u0442\u043a\u0438"},"content":{"rendered":"<div class=\"woocommerce-tabs wc-tabs-wrapper\">\n<div id=\"tab-description\" class=\"woocommerce-Tabs-panel woocommerce-Tabs-panel--description panel entry-content wc-tab\" role=\"tabpanel\" aria-labelledby=\"tab-title-description\">\n<h3>\u0422\u0435\u0445\u043d\u0438\u0447\u0435\u0441\u043a\u0438\u0435 \u0445\u0430\u0440\u0430\u043a\u0442\u0435\u0440\u0438\u0441\u0442\u0438\u043a\u0438<\/h3>\n<ul>\n<li><strong>Tip baterie:<\/strong> litiu-ion<\/li>\n<li><strong>Tip invertor:<\/strong> und\u0103 sinusoidal\u0103 pur\u0103<\/li>\n<li><strong>Tip de controler:<\/strong> MPPT (urm\u0103rirea punctului de putere maxim\u0103)<\/li>\n<li><strong>Caracteristici:<\/strong> \u00eenc\u0103rcare f\u0103r\u0103 fir, port tip C, lantern\u0103, port caravan\u0103, priz\u0103 brichet\u0103 auto<\/li>\n<li><strong>Ie\u0219ire AC:<\/strong> 110 V\/220 V cu und\u0103 sinusoidal\u0103 pur\u0103<\/li>\n<li><strong>Capacitatea bateriei:<\/strong> 2304Wh<\/li>\n<li><strong>Putere nominal\u0103:<\/strong> 2000W<\/li>\n<li><strong>Certific\u0103ri: CE, FCC, HDS<\/strong> CE, FCC, RoHS, MSDS, UN38.3<\/li>\n<\/ul>\n<table border=\"1\" cellspacing=\"0\" cellpadding=\"5\">\n<thead>\n<tr>\n<th>Caracteristici<\/th>\n<th>Detalii<\/th>\n<\/tr>\n<\/thead>\n<tbody>\n<tr>\n<td>Capacitate<\/td>\n<td>15000mAh\/3.2V*16 (16S3P)<br \/>\nCapacitate total\u0103 efectiv\u0103 720000mAh\/720Ah\/3.2V (16S3P) 45Ah\/51.2V (2304Wh)<\/td>\n<\/tr>\n<tr>\n<td>\u00cenregistrare<\/td>\n<td>1. DC5521 12V-24V\/1-5A (adaptor de alimentare)<br \/>\n2. DC5521 12V-24V\/6A (\u00eenc\u0103rc\u0103tor auto)<br \/>\n3. 10A 800W (panouri solare)<\/td>\n<\/tr>\n<tr>\n<td>Ie\u0219ire.<\/td>\n<td>1. AC 220 V sau 110 V, 2000 W, 50 Hz\/60 Hz<br \/>\n2. CC (\u00eenc\u0103rc\u0103tor auto + fi\u0219\u0103 CC) 12 V-10 A\/120 W<br \/>\n3. \u00cenc\u0103rcare rapid\u0103 USB-Ax2 QC3.0 5 V-3 A, 9 V-2 A, 12 V-1,5 A\/ 18 W<br \/>\n4. USB-C1 PD\/QC3.0 \u00eenc\u0103rcare rapid\u0103 5 V-3 A, 9 V-2 A, 12 V-1,5 A\/18 W<br \/>\n5. USB-C2 PD \u00eenc\u0103rcare rapid\u0103 5V-3A, 9V-3A, 12V-3A, 15V-3A, 20V-3A\/100W<br \/>\n6. Lumin\u0103 LED de 1W (lumin\u0103 puternic\u0103, nivel de atenuare 2 \u0219i SOS)<\/td>\n<\/tr>\n<tr>\n<td>Miez electric<\/td>\n<td>Litiu din font\u0103 cilindric\u0103 tip 33140<\/td>\n<\/tr>\n<tr>\n<td>Dimensiuni<\/td>\n<td>462*252*333 mm<\/td>\n<\/tr>\n<tr>\n<td>material.<\/td>\n<td>PC + V0 rezistent la foc<\/td>\n<\/tr>\n<tr>\n<td>culoare<\/td>\n<td>Culoare personalizabil\u0103<\/td>\n<\/tr>\n<tr>\n<td>Greutatea produsului<\/td>\n<td>Aproximativ 25 kg<\/td>\n<\/tr>\n<tr>\n<td>Dimensiunea pachetului<\/td>\n<td>60*40*50 cm<\/td>\n<\/tr>\n<\/tbody>\n<\/table>\n<\/div>\n<\/div>\n<section class=\"related products\"><\/section>\n<h3><\/h3>","protected":false},"excerpt":{"rendered":"<div style=\"background-color: #28a745; padding: 10px 15px; border-radius: 10px; max-width: 760px; text-align: center;\">\n<p style=\"color: #000000; font-family: Arial, sans-serif; font-size: 18px; margin: 0; line-height: 1.2;\">\u0421\u043a\u0438\u0434\u043a\u0430 \u0434\u043b\u044f \u0443\u0441\u0442\u0430\u043d\u043e\u0432\u0449\u0438\u043a\u043e\u0432 \u0438 \u043e\u043f\u0442\u043e\u0432\u0438\u043a\u043e\u0432. \u041f\u043e\u0434\u0440\u043e\u0431\u043d\u043e\u0441\u0442\u0438 \u0432 Whatsapp \u0438\u043b\u0438 email.<\/p>\n<\/div>\n<p>&nbsp;<\/p>\n<p>\u041f\u043e\u0440\u0442\u0430\u0442\u0438\u0432\u043d\u044b\u0439 \u0433\u0435\u043d\u0435\u0440\u0430\u0442\u043e\u0440 \u043c\u043e\u0449\u043d\u043e\u0441\u0442\u044c\u044e 2000 W \u2014 \u0443\u043d\u0438\u0432\u0435\u0440\u0441\u0430\u043b\u044c\u043d\u043e\u0435 \u0440\u0435\u0448\u0435\u043d\u0438\u0435 \u0434\u043b\u044f \u044d\u043b\u0435\u043a\u0442\u0440\u043e\u0441\u043d\u0430\u0431\u0436\u0435\u043d\u0438\u044f \u043a\u0430\u043a \u043d\u0430 \u0443\u043b\u0438\u0446\u0435, \u0442\u0430\u043a \u0438 \u0432 \u043f\u043e\u043c\u0435\u0449\u0435\u043d\u0438\u0438. \u041e\u0441\u043d\u0430\u0449\u0451\u043d\u043d\u044b\u0439 \u0430\u043a\u043a\u0443\u043c\u0443\u043b\u044f\u0442\u043e\u0440\u043e\u043c LiFePO4 \u0451\u043c\u043a\u043e\u0441\u0442\u044c\u044e 2304 Wh, \u044d\u0442\u043e\u0442 \u0433\u0435\u043d\u0435\u0440\u0430\u0442\u043e\u0440 \u043e\u0431\u0435\u0441\u043f\u0435\u0447\u0438\u0432\u0430\u0435\u0442 \u043c\u043e\u0449\u043d\u043e\u0441\u0442\u044c 2000 W \u0438 \u0438\u0434\u0435\u0430\u043b\u044c\u043d\u043e \u043f\u043e\u0434\u0445\u043e\u0434\u0438\u0442 \u0434\u043b\u044f \u0438\u0441\u043f\u043e\u043b\u044c\u0437\u043e\u0432\u0430\u043d\u0438\u044f \u0432 \u044d\u043a\u0441\u0442\u0440\u0435\u043d\u043d\u044b\u0445 \u0441\u0438\u0442\u0443\u0430\u0446\u0438\u044f\u0445, \u043f\u0440\u0438 \u043a\u0435\u043c\u043f\u0438\u043d\u0433\u0435 \u0438\u043b\u0438 \u0432 \u0443\u0441\u043b\u043e\u0432\u0438\u044f\u0445 \u043c\u043e\u0431\u0438\u043b\u044c\u043d\u043e\u0441\u0442\u0438.<\/p>","protected":false},"featured_media":2254,"template":"","meta":{"_uag_custom_page_level_css":"","site-sidebar-layout":"no-sidebar","site-content-layout":"content-boxed-container","ast-site-content-layout":"normal-width-container","site-content-style":"boxed","site-sidebar-style":"unboxed","ast-global-header-display":"","ast-banner-title-visibility":"","ast-main-header-display":"","ast-hfb-above-header-display":"","ast-hfb-below-header-display":"","ast-hfb-mobile-header-display":"","site-post-title":"disabled","ast-breadcrumbs-content":"","ast-featured-img":"disabled","footer-sml-layout":"","ast-disable-related-posts":"","theme-transparent-header-meta":"default","adv-header-id-meta":"","stick-header-meta":"default","header-above-stick-meta":"","header-main-stick-meta":"","header-below-stick-meta":"","astra-migrate-meta-layouts":"set","ast-page-background-enabled":"default","ast-page-background-meta":{"desktop":{"background-color":"var(--ast-global-color-4)","background-image":"","background-repeat":"repeat","background-position":"center center","background-size":"auto","background-attachment":"scroll","background-type":"","background-media":"","overlay-type":"","overlay-color":"","overlay-opacity":"","overlay-gradient":""},"tablet":{"background-color":"","background-image":"","background-repeat":"repeat","background-position":"center center","background-size":"auto","background-attachment":"scroll","background-type":"","background-media":"","overlay-type":"","overlay-color":"","overlay-opacity":"","overlay-gradient":""},"mobile":{"background-color":"","background-image":"","background-repeat":"repeat","background-position":"center center","background-size":"auto","background-attachment":"scroll","background-type":"","background-media":"","overlay-type":"","overlay-color":"","overlay-opacity":"","overlay-gradient":""}},"ast-content-background-meta":{"desktop":{"background-color":"var(--ast-global-color-5)","background-image":"","background-repeat":"repeat","background-position":"center center","background-size":"auto","background-attachment":"scroll","background-type":"","background-media":"","overlay-type":"","overlay-color":"","overlay-opacity":"","overlay-gradient":""},"tablet":{"background-color":"var(--ast-global-color-5)","background-image":"","background-repeat":"repeat","background-position":"center center","background-size":"auto","background-attachment":"scroll","background-type":"","background-media":"","overlay-type":"","overlay-color":"","overlay-opacity":"","overlay-gradient":""},"mobile":{"background-color":"var(--ast-global-color-5)","background-image":"","background-repeat":"repeat","background-position":"center center","background-size":"auto","background-attachment":"scroll","background-type":"","background-media":"","overlay-type":"","overlay-color":"","overlay-opacity":"","overlay-gradient":""}}},"product_brand":[],"product_cat":[81],"product_tag":[],"class_list":{"0":"post-2252","1":"product","2":"type-product","3":"status-publish","4":"has-post-thumbnail","6":"product_cat-acumulatoare","7":"desktop-align-left","8":"tablet-align-left","9":"mobile-align-left","10":"ast-product-gallery-layout-horizontal-slider","11":"ast-product-tabs-layout-horizontal","12":"ast-qv-on-image","14":"first","15":"instock","16":"shipping-taxable","17":"purchasable","18":"product-type-simple"},"spectra_custom_meta":{"site-sidebar-layout":["no-sidebar"],"site-content-layout":["content-boxed-container"],"theme-transparent-header-meta":["default"],"site-post-title":["disabled"],"ast-title-bar-display":["disabled"],"ast-featured-img":["disabled"],"total_sales":["0"],"ast-site-content-layout":["normal-width-container"],"site-content-style":["boxed"],"site-sidebar-style":["unboxed"],"_wp_page_template":["default"],"_thumbnail_id":["2254"],"_backorders":["no"],"_download_expiry":["-1"],"_download_limit":["-1"],"_downloadable":["no"],"_manage_stock":["no"],"_price":["990"],"_product_image_gallery":["2253,2254"],"_regular_price":["990"],"_sold_individually":["no"],"_stock":[null],"_tax_class":[""],"_tax_status":["taxable"],"_virtual":["no"],"_stock_status":["instock"],"_edit_last":["2"],"_wc_average_rating":["0"],"_wc_review_count":["0"],"_product_version":["10.4.3"],"_edit_lock":["1768411198:2"],"pentru_instalatori":["PRE\u021a MAI MIC PENTRU INSTALATORI \u0218I CUMP\u0102R\u0102TORI DE VOLUM. SUNA\u021aI PE WHATSAPP \/ SCRIE\u021aI LA E-MAIL."],"_pentru_instalatori":["field_66fa842bd9d41"],"stick-header-meta":["default"],"pre_special":[""],"_pre_special":["field_66fa8a23671f6"],"woolentor_views_count_product":["1681"],"_wp_old_slug":["baterie-portabila-cu-o-putere-de-2000-w-cu-o-baterie-lifepo4-incarcare-de-la-panouri-solare-sau-de-la-o-priza__trashed"],"_selectproduct_layout":[""],"woolentor_cart_custom_content":[""],"woolentor_total_stock_quantity":[""],"_saleflash_text":[""],"_jet_woo_template":[""],"_template_type":["default"],"astra-migrate-meta-layouts":["set"],"_uag_page_assets":["a:9:{s:3:\"css\";s:3164:\".uag-blocks-common-selector{z-index:var(--z-index-desktop) !important}@media (max-width: 976px){.uag-blocks-common-selector{z-index:var(--z-index-tablet) !important}}@media (max-width: 767px){.uag-blocks-common-selector{z-index:var(--z-index-mobile) !important}}\n.wp-block-uagb-advanced-heading h1,.wp-block-uagb-advanced-heading h2,.wp-block-uagb-advanced-heading h3,.wp-block-uagb-advanced-heading h4,.wp-block-uagb-advanced-heading h5,.wp-block-uagb-advanced-heading h6,.wp-block-uagb-advanced-heading p,.wp-block-uagb-advanced-heading div{word-break:break-word}.wp-block-uagb-advanced-heading .uagb-heading-text{margin:0}.wp-block-uagb-advanced-heading .uagb-desc-text{margin:0}.wp-block-uagb-advanced-heading .uagb-separator{font-size:0;border-top-style:solid;display:inline-block;margin:0 0 10px 0}.wp-block-uagb-advanced-heading .uagb-highlight{color:#f78a0c;border:0;transition:all 0.3s ease}.uag-highlight-toolbar{border-left:0;border-top:0;border-bottom:0;border-radius:0;border-right-color:#1e1e1e}.uag-highlight-toolbar .components-button{border-radius:0;outline:none}.uag-highlight-toolbar .components-button.is-primary{color:#fff}\n.wp-block-uagb-advanced-heading.uagb-block-c71902d3.wp-block-uagb-advanced-heading .uagb-desc-text{margin-bottom: 15px;}.wp-block-uagb-advanced-heading.uagb-block-c71902d3.wp-block-uagb-advanced-heading .uagb-highlight{font-style: normal;font-weight: Default;background: #007cba;color: #fff;-webkit-text-fill-color: #fff;}.wp-block-uagb-advanced-heading.uagb-block-c71902d3.wp-block-uagb-advanced-heading .uagb-highlight::-moz-selection{color: #fff;background: #007cba;-webkit-text-fill-color: #fff;}.wp-block-uagb-advanced-heading.uagb-block-c71902d3.wp-block-uagb-advanced-heading .uagb-highlight::selection{color: #fff;background: #007cba;-webkit-text-fill-color: #fff;}.wp-block-uagb-advanced-heading.uagb-block-b44a46e4.wp-block-uagb-advanced-heading .uagb-desc-text{margin-bottom: 15px;}.wp-block-uagb-advanced-heading.uagb-block-b44a46e4.wp-block-uagb-advanced-heading .uagb-highlight{font-style: normal;font-weight: Default;background: #007cba;color: #fff;-webkit-text-fill-color: #fff;}.wp-block-uagb-advanced-heading.uagb-block-b44a46e4.wp-block-uagb-advanced-heading .uagb-highlight::-moz-selection{color: #fff;background: #007cba;-webkit-text-fill-color: #fff;}.wp-block-uagb-advanced-heading.uagb-block-b44a46e4.wp-block-uagb-advanced-heading .uagb-highlight::selection{color: #fff;background: #007cba;-webkit-text-fill-color: #fff;}.wp-block-uagb-advanced-heading.uagb-block-632ea407.wp-block-uagb-advanced-heading .uagb-desc-text{margin-bottom: 15px;}.wp-block-uagb-advanced-heading.uagb-block-632ea407.wp-block-uagb-advanced-heading .uagb-highlight{font-style: normal;font-weight: Default;background: #007cba;color: #fff;-webkit-text-fill-color: #fff;}.wp-block-uagb-advanced-heading.uagb-block-632ea407.wp-block-uagb-advanced-heading .uagb-highlight::-moz-selection{color: #fff;background: #007cba;-webkit-text-fill-color: #fff;}.wp-block-uagb-advanced-heading.uagb-block-632ea407.wp-block-uagb-advanced-heading .uagb-highlight::selection{color: #fff;background: #007cba;-webkit-text-fill-color: #fff;}\";s:2:\"js\";s:0:\"\";s:18:\"current_block_list\";a:13:{i:0;s:11:\"core\/search\";i:1;s:10:\"core\/group\";i:2;s:12:\"core\/heading\";i:3;s:17:\"core\/latest-posts\";i:4;s:20:\"core\/latest-comments\";i:5;s:13:\"core\/archives\";i:6;s:15:\"core\/categories\";i:7;s:21:\"uagb\/advanced-heading\";i:8;s:10:\"core\/image\";i:9;s:26:\"woocommerce\/filter-wrapper\";i:10;s:24:\"woocommerce\/price-filter\";i:11;s:28:\"woocommerce\/attribute-filter\";i:13;s:26:\"woocommerce\/active-filters\";}s:8:\"uag_flag\";b:1;s:11:\"uag_version\";s:10:\"1776362131\";s:6:\"gfonts\";a:0:{}s:10:\"gfonts_url\";s:0:\"\";s:12:\"gfonts_files\";a:0:{}s:14:\"uag_faq_layout\";b:0;}"],"_uag_css_file_name":["uag-css-2252.css"]},"uagb_featured_image_src":{"full":["https:\/\/deye.md\/wp-content\/uploads\/2024\/08\/Acumulator-portabil-1.webp",800,800,false],"thumbnail":["https:\/\/deye.md\/wp-content\/uploads\/2024\/08\/Acumulator-portabil-1-150x150.webp",150,150,true],"medium":["https:\/\/deye.md\/wp-content\/uploads\/2024\/08\/Acumulator-portabil-1-300x300.webp",300,300,true],"medium_large":["https:\/\/deye.md\/wp-content\/uploads\/2024\/08\/Acumulator-portabil-1-768x768.webp",768,768,true],"large":["https:\/\/deye.md\/wp-content\/uploads\/2024\/08\/Acumulator-portabil-1.webp",800,800,false],"1536x1536":["https:\/\/deye.md\/wp-content\/uploads\/2024\/08\/Acumulator-portabil-1.webp",800,800,false],"2048x2048":["https:\/\/deye.md\/wp-content\/uploads\/2024\/08\/Acumulator-portabil-1.webp",800,800,false],"trp-custom-language-flag":["https:\/\/deye.md\/wp-content\/uploads\/2024\/08\/Acumulator-portabil-1.webp",12,12,false],"woocommerce_thumbnail":["https:\/\/deye.md\/wp-content\/uploads\/2024\/08\/Acumulator-portabil-1-300x300.webp",300,300,true],"woocommerce_single":["https:\/\/deye.md\/wp-content\/uploads\/2024\/08\/Acumulator-portabil-1-600x600.webp",600,600,true],"woocommerce_gallery_thumbnail":["https:\/\/deye.md\/wp-content\/uploads\/2024\/08\/Acumulator-portabil-1-100x100.webp",100,100,true]},"uagb_author_info":{"display_name":"admin","author_link":"https:\/\/deye.md\/ru\/archives\/author"},"uagb_comment_info":0,"uagb_excerpt":"Pre\u021b mai mic pentru instalatori \u0219i cump\u0103r\u0103tori angro. Detalii pe Whatsapp sau email. &nbsp; Generatorul portabil de 2000 W este o solu\u021bie versatil\u0103 pentru alimentarea cu energie electric\u0103 \u00een exterior \u0219i interior. Echipat cu o baterie LiFePO4 de 2304 Wh, acest generator ofer\u0103 o putere de 2000 W \u0219i este ideal pentru utilizare \u00een caz&hellip;","_links":{"self":[{"href":"https:\/\/deye.md\/ru\/wp-json\/wp\/v2\/product\/2252","targetHints":{"allow":["GET"]}}],"collection":[{"href":"https:\/\/deye.md\/ru\/wp-json\/wp\/v2\/product"}],"about":[{"href":"https:\/\/deye.md\/ru\/wp-json\/wp\/v2\/types\/product"}],"wp:featuredmedia":[{"embeddable":true,"href":"https:\/\/deye.md\/ru\/wp-json\/wp\/v2\/media\/2254"}],"wp:attachment":[{"href":"https:\/\/deye.md\/ru\/wp-json\/wp\/v2\/media?parent=2252"}],"wp:term":[{"taxonomy":"product_brand","embeddable":true,"href":"https:\/\/deye.md\/ru\/wp-json\/wp\/v2\/product_brand?post=2252"},{"taxonomy":"product_cat","embeddable":true,"href":"https:\/\/deye.md\/ru\/wp-json\/wp\/v2\/product_cat?post=2252"},{"taxonomy":"product_tag","embeddable":true,"href":"https:\/\/deye.md\/ru\/wp-json\/wp\/v2\/product_tag?post=2252"}],"curies":[{"name":"wp","href":"https:\/\/api.w.org\/{rel}","templated":true}]}}