{"id":2223,"date":"2024-09-29T17:58:32","date_gmt":"2024-09-29T14:58:32","guid":{"rendered":"https:\/\/deye.md\/?post_type=product&#038;p=2223"},"modified":"2026-02-19T01:13:48","modified_gmt":"2026-02-18T22:13:48","slug":"batareya-hv-s-256-kwh-256-v-100-ah-kompyuter-bms-s-ekranom-i-dvumya-ustrojstvami-zashhity-ot-perenapryazheniya","status":"publish","type":"product","link":"https:\/\/deye.md\/ru\/produkt\/batareya-hv-s-256-kwh-256-v-100-ah-kompyuter-bms-s-ekranom-i-dvumya-ustrojstvami-zashhity-ot-perenapryazheniya","title":{"rendered":"Baterie HV cu 5,12 kWh\/ 51.2 v\/ 100 A\/ Computer BMS cu ecran \u0219i BALANSIR ACTIV"},"content":{"rendered":"<h3>\u0422\u0435\u0445\u043d\u0438\u0447\u0435\u0441\u043a\u0438\u0435 \u0445\u0430\u0440\u0430\u043a\u0442\u0435\u0440\u0438\u0441\u0442\u0438\u043a\u0438<\/h3>\n<p>Comoditate. 24 \/ 24 ORE ENERGIE<\/p>\n<p>\u0411\u0435\u0437\u043e\u043f\u0430\u0441\u043d\u043e\u0441\u0442\u044c \u0438 \u043d\u0430\u0434\u0451\u0436\u043d\u043e\u0441\u0442\u044c<br \/>\nMaterialul catodului este fabricat din LiFePO4, care asigur\u0103 siguran\u021ba \u0219i o durat\u0103 lung\u0103 de via\u021b\u0103.<\/p>\n<p>\u0418\u043d\u0442\u0435\u043b\u043b\u0435\u043a\u0442\u0443\u0430\u043b\u044c\u043d\u0430\u044f BMS<br \/>\nare func\u021bii de protec\u021bie, inclusiv supradesc\u0103rcare, supra\u00eenc\u0103rcare, supracurent \u0219i supra- sau subtemperatur\u0103. Sistemul poate gestiona automat starea de \u00eenc\u0103rcare \u0219i desc\u0103rcare \u0219i poate echilibra curentul \u0219i tensiunea fiec\u0103rei celule. Suport\u0103 conexiuni paralele pentru extinderea capacit\u0103\u021bii \u0219i a puterii. Suport\u0103 actualizarea USB, WiFi (op\u021bional) \u0219i actualizarea de la distan\u021b\u0103 (compatibil\u0103 cu invertorul Deye).<\/p>\n<p class=\"translation-block\">\u25c6 \u042d\u043a\u043e\u043b\u043e\u0433\u0438\u0447\u043d\u043e\u0441\u0442\u044c.<br>\n\u0412\u0435\u0441\u044c \u043c\u043e\u0434\u0443\u043b\u044c \u043d\u0435\u0442\u043e\u043a\u0441\u0438\u0447\u0435\u043d, \u043d\u0435 \u0437\u0430\u0433\u0440\u044f\u0437\u043d\u044f\u0435\u0442 \u043e\u043a\u0440\u0443\u0436\u0430\u044e\u0449\u0443\u044e \u0441\u0440\u0435\u0434\u0443 \u0438 \u044f\u0432\u043b\u044f\u0435\u0442\u0441\u044f \u044d\u043a\u043e\u043b\u043e\u0433\u0438\u0447\u0435\u0441\u043a\u0438 \u0431\u0435\u0437\u043e\u043f\u0430\u0441\u043d\u044b\u043c.<\/p>\n<p class=\"translation-block\">\u0413\u0438\u0431\u043a\u0430\u044f \u043a\u043e\u043d\u0444\u0438\u0433\u0443\u0440\u0430\u0446\u0438\u044f.<br>\n\u041d\u0435\u0441\u043a\u043e\u043b\u044c\u043a\u043e \u043c\u043e\u0434\u0443\u043b\u0435\u0439 \u0431\u0430\u0442\u0430\u0440\u0435\u0439 \u043c\u043e\u0436\u043d\u043e \u043f\u043e\u0434\u043a\u043b\u044e\u0447\u0430\u0442\u044c \u043f\u0430\u0440\u0430\u043b\u043b\u0435\u043b\u044c\u043d\u043e \u0434\u043b\u044f \u0443\u0432\u0435\u043b\u0438\u0447\u0435\u043d\u0438\u044f \u0451\u043c\u043a\u043e\u0441\u0442\u0438 \u0438 \u043c\u043e\u0449\u043d\u043e\u0441\u0442\u0438. \u041f\u043e\u0434\u0434\u0435\u0440\u0436\u0438\u0432\u0430\u0435\u0442 \u043e\u0431\u043d\u043e\u0432\u043b\u0435\u043d\u0438\u0435 \u0447\u0435\u0440\u0435\u0437 USB, \u043e\u0431\u043d\u043e\u0432\u043b\u0435\u043d\u0438\u0435 \u043f\u043e Wi-Fi (\u043e\u043f\u0446\u0438\u044f), \u0443\u0434\u0430\u043b\u0451\u043d\u043d\u043e\u0435 \u043e\u0431\u043d\u043e\u0432\u043b\u0435\u043d\u0438\u0435.<\/p>\n<p class=\"translation-block\">\u0428\u0438\u0440\u043e\u043a\u0438\u0439 \u0442\u0435\u043c\u043f\u0435\u0440\u0430\u0442\u0443\u0440\u043d\u044b\u0439 \u0434\u0438\u0430\u043f\u0430\u0437\u043e\u043d<br>\n\u0414\u0438\u0430\u043f\u0430\u0437\u043e\u043d \u0440\u0430\u0431\u043e\u0447\u0438\u0445 \u0442\u0435\u043c\u043f\u0435\u0440\u0430\u0442\u0443\u0440 \u043e\u0442 -20\u00b0C \u0434\u043e 55\u00b0C, \u0441 \u043e\u0442\u043b\u0438\u0447\u043d\u043e\u0439 \u043f\u0440\u043e\u0438\u0437\u0432\u043e\u0434\u0438\u0442\u0435\u043b\u044c\u043d\u043e\u0441\u0442\u044c\u044e \u0440\u0430\u0437\u0440\u044f\u0434\u0430 \u0438 \u0434\u043b\u0438\u0442\u0435\u043b\u044c\u043d\u044b\u043c \u0441\u0440\u043e\u043a\u043e\u043c \u0441\u043b\u0443\u0436\u0431\u044b.<\/p>","protected":false},"excerpt":{"rendered":"<div style=\"background-color: #28a745; padding: 10px 15px; border-radius: 10px; max-width: 760px; text-align: center;\">\n<p style=\"color: #000000; font-family: Arial, sans-serif; font-size: 18px; margin: 0; line-height: 1.2;\">\u0421\u043a\u0438\u0434\u043a\u0430 \u0434\u043b\u044f \u0443\u0441\u0442\u0430\u043d\u043e\u0432\u0449\u0438\u043a\u043e\u0432 \u0438 \u043e\u043f\u0442\u043e\u0432\u0438\u043a\u043e\u0432. \u041f\u043e\u0434\u0440\u043e\u0431\u043d\u043e\u0441\u0442\u0438 \u0432 Whatsapp \u0438\u043b\u0438 email.<\/p>\n<\/div>\n<p>&nbsp;<\/p>\n<p>\u0411\u0430\u0442\u0430\u0440\u0435\u044f HV \u0451\u043c\u043a\u043e\u0441\u0442\u044c\u044e 5,12 kWh \u0441 \u043a\u043e\u043c\u043f\u044c\u044e\u0442\u0435\u0440\u0438\u0437\u0438\u0440\u043e\u0432\u0430\u043d\u043d\u043e\u0439 BMS, \u044d\u043a\u0440\u0430\u043d\u043e\u043c \u0438 \u0434\u0432\u0443\u043c\u044f \u0437\u0430\u0449\u0438\u0442\u0430\u043c\u0438 \u043e\u0442 \u043f\u0435\u0440\u0435\u043d\u0430\u043f\u0440\u044f\u0436\u0435\u043d\u0438\u044f<\/p>\n<p>\u0401\u043c\u043a\u043e\u0441\u0442\u044c \u0432\u0430\u0440\u044c\u0438\u0440\u0443\u0435\u0442\u0441\u044f \u043e\u0442 5,12 kWh \u0434\u043e 50 kWh.<br \/>\n\u0413\u0430\u0440\u0430\u043d\u0442\u0438\u044f 10 \u043b\u0435\u0442.<\/p>\n<p><a href=\"https:\/\/deye.md\/wp-content\/uploads\/2024\/09\/3u-high-voltage-rack-battery.pdf\">\u0421\u043a\u0430\u0447\u0430\u0442\u044c Datasheet.\u00a0<\/a><\/p>","protected":false},"featured_media":2222,"template":"","meta":{"_uag_custom_page_level_css":"","site-sidebar-layout":"no-sidebar","site-content-layout":"content-boxed-container","ast-site-content-layout":"normal-width-container","site-content-style":"boxed","site-sidebar-style":"unboxed","ast-global-header-display":"","ast-banner-title-visibility":"","ast-main-header-display":"","ast-hfb-above-header-display":"","ast-hfb-below-header-display":"","ast-hfb-mobile-header-display":"","site-post-title":"disabled","ast-breadcrumbs-content":"","ast-featured-img":"disabled","footer-sml-layout":"","ast-disable-related-posts":"","theme-transparent-header-meta":"default","adv-header-id-meta":"","stick-header-meta":"default","header-above-stick-meta":"","header-main-stick-meta":"","header-below-stick-meta":"","astra-migrate-meta-layouts":"set","ast-page-background-enabled":"default","ast-page-background-meta":{"desktop":{"background-color":"var(--ast-global-color-4)","background-image":"","background-repeat":"repeat","background-position":"center center","background-size":"auto","background-attachment":"scroll","background-type":"","background-media":"","overlay-type":"","overlay-color":"","overlay-opacity":"","overlay-gradient":""},"tablet":{"background-color":"","background-image":"","background-repeat":"repeat","background-position":"center center","background-size":"auto","background-attachment":"scroll","background-type":"","background-media":"","overlay-type":"","overlay-color":"","overlay-opacity":"","overlay-gradient":""},"mobile":{"background-color":"","background-image":"","background-repeat":"repeat","background-position":"center center","background-size":"auto","background-attachment":"scroll","background-type":"","background-media":"","overlay-type":"","overlay-color":"","overlay-opacity":"","overlay-gradient":""}},"ast-content-background-meta":{"desktop":{"background-color":"var(--ast-global-color-5)","background-image":"","background-repeat":"repeat","background-position":"center center","background-size":"auto","background-attachment":"scroll","background-type":"","background-media":"","overlay-type":"","overlay-color":"","overlay-opacity":"","overlay-gradient":""},"tablet":{"background-color":"var(--ast-global-color-5)","background-image":"","background-repeat":"repeat","background-position":"center center","background-size":"auto","background-attachment":"scroll","background-type":"","background-media":"","overlay-type":"","overlay-color":"","overlay-opacity":"","overlay-gradient":""},"mobile":{"background-color":"var(--ast-global-color-5)","background-image":"","background-repeat":"repeat","background-position":"center center","background-size":"auto","background-attachment":"scroll","background-type":"","background-media":"","overlay-type":"","overlay-color":"","overlay-opacity":"","overlay-gradient":""}}},"product_brand":[],"product_cat":[81],"product_tag":[],"class_list":{"0":"post-2223","1":"product","2":"type-product","3":"status-publish","4":"has-post-thumbnail","6":"product_cat-acumulatoare","7":"desktop-align-left","8":"tablet-align-left","9":"mobile-align-left","10":"ast-product-gallery-layout-horizontal-slider","11":"ast-product-tabs-layout-horizontal","12":"ast-qv-on-image","14":"first","15":"instock","16":"sale","17":"shipping-taxable","18":"purchasable","19":"product-type-simple"},"spectra_custom_meta":{"site-sidebar-layout":["no-sidebar"],"site-content-layout":["content-boxed-container"],"theme-transparent-header-meta":["default"],"site-post-title":["disabled"],"ast-title-bar-display":["disabled"],"ast-featured-img":["disabled"],"total_sales":["1"],"ast-site-content-layout":["normal-width-container"],"site-content-style":["boxed"],"site-sidebar-style":["unboxed"],"_wp_page_template":["default"],"_thumbnail_id":["2222"],"_backorders":["no"],"_download_expiry":["-1"],"_download_limit":["-1"],"_downloadable":["no"],"_manage_stock":["no"],"_price":["1000"],"_product_image_gallery":["2224,2225,2554"],"_regular_price":["1200"],"_sold_individually":["no"],"_stock":[null],"_tax_class":[""],"_tax_status":["taxable"],"_virtual":["no"],"_stock_status":["instock"],"_edit_last":["2"],"_wc_average_rating":["0"],"_wc_review_count":["0"],"_product_version":["10.4.3"],"_edit_lock":["1771452689:2"],"_pentru_instalatori":["field_66fa842bd9d41"],"stick-header-meta":["default"],"pre_special":[""],"_pre_special":["field_66fa8a23671f6"],"woolentor_views_count_product":["1713"],"_wp_old_slug":["baterie-hv-cu-256-kwh-256-v-100-ah-computer-bms-cu-ecran-si-doua-dispozitive-de-protectie-la-supratensiune__trashed"],"_selectproduct_layout":[""],"woolentor_cart_custom_content":[""],"woolentor_total_stock_quantity":[""],"_saleflash_text":[""],"_jet_woo_template":[""],"_template_type":["default"],"_sale_price":["1000"],"astra-migrate-meta-layouts":["set"],"_uag_page_assets":["a:9:{s:3:\"css\";s:2901:\".wp-block-uagb-advanced-heading h1,.wp-block-uagb-advanced-heading h2,.wp-block-uagb-advanced-heading h3,.wp-block-uagb-advanced-heading h4,.wp-block-uagb-advanced-heading h5,.wp-block-uagb-advanced-heading h6,.wp-block-uagb-advanced-heading p,.wp-block-uagb-advanced-heading div{word-break:break-word}.wp-block-uagb-advanced-heading .uagb-heading-text{margin:0}.wp-block-uagb-advanced-heading .uagb-desc-text{margin:0}.wp-block-uagb-advanced-heading .uagb-separator{font-size:0;border-top-style:solid;display:inline-block;margin:0 0 10px 0}.wp-block-uagb-advanced-heading .uagb-highlight{color:#f78a0c;border:0;transition:all 0.3s ease}.uag-highlight-toolbar{border-left:0;border-top:0;border-bottom:0;border-radius:0;border-right-color:#1e1e1e}.uag-highlight-toolbar .components-button{border-radius:0;outline:none}.uag-highlight-toolbar .components-button.is-primary{color:#fff}\n.wp-block-uagb-advanced-heading.uagb-block-c71902d3.wp-block-uagb-advanced-heading .uagb-desc-text{margin-bottom: 15px;}.wp-block-uagb-advanced-heading.uagb-block-c71902d3.wp-block-uagb-advanced-heading .uagb-highlight{font-style: normal;font-weight: Default;background: #007cba;color: #fff;-webkit-text-fill-color: #fff;}.wp-block-uagb-advanced-heading.uagb-block-c71902d3.wp-block-uagb-advanced-heading .uagb-highlight::-moz-selection{color: #fff;background: #007cba;-webkit-text-fill-color: #fff;}.wp-block-uagb-advanced-heading.uagb-block-c71902d3.wp-block-uagb-advanced-heading .uagb-highlight::selection{color: #fff;background: #007cba;-webkit-text-fill-color: #fff;}.wp-block-uagb-advanced-heading.uagb-block-b44a46e4.wp-block-uagb-advanced-heading .uagb-desc-text{margin-bottom: 15px;}.wp-block-uagb-advanced-heading.uagb-block-b44a46e4.wp-block-uagb-advanced-heading .uagb-highlight{font-style: normal;font-weight: Default;background: #007cba;color: #fff;-webkit-text-fill-color: #fff;}.wp-block-uagb-advanced-heading.uagb-block-b44a46e4.wp-block-uagb-advanced-heading .uagb-highlight::-moz-selection{color: #fff;background: #007cba;-webkit-text-fill-color: #fff;}.wp-block-uagb-advanced-heading.uagb-block-b44a46e4.wp-block-uagb-advanced-heading .uagb-highlight::selection{color: #fff;background: #007cba;-webkit-text-fill-color: #fff;}.wp-block-uagb-advanced-heading.uagb-block-632ea407.wp-block-uagb-advanced-heading .uagb-desc-text{margin-bottom: 15px;}.wp-block-uagb-advanced-heading.uagb-block-632ea407.wp-block-uagb-advanced-heading .uagb-highlight{font-style: normal;font-weight: Default;background: #007cba;color: #fff;-webkit-text-fill-color: #fff;}.wp-block-uagb-advanced-heading.uagb-block-632ea407.wp-block-uagb-advanced-heading .uagb-highlight::-moz-selection{color: #fff;background: #007cba;-webkit-text-fill-color: #fff;}.wp-block-uagb-advanced-heading.uagb-block-632ea407.wp-block-uagb-advanced-heading .uagb-highlight::selection{color: #fff;background: #007cba;-webkit-text-fill-color: #fff;}\";s:2:\"js\";s:0:\"\";s:18:\"current_block_list\";a:13:{i:0;s:11:\"core\/search\";i:1;s:10:\"core\/group\";i:2;s:12:\"core\/heading\";i:3;s:17:\"core\/latest-posts\";i:4;s:20:\"core\/latest-comments\";i:5;s:13:\"core\/archives\";i:6;s:15:\"core\/categories\";i:7;s:21:\"uagb\/advanced-heading\";i:8;s:10:\"core\/image\";i:9;s:26:\"woocommerce\/filter-wrapper\";i:10;s:24:\"woocommerce\/price-filter\";i:11;s:28:\"woocommerce\/attribute-filter\";i:13;s:26:\"woocommerce\/active-filters\";}s:8:\"uag_flag\";b:1;s:11:\"uag_version\";s:10:\"1776368556\";s:6:\"gfonts\";a:0:{}s:10:\"gfonts_url\";s:0:\"\";s:12:\"gfonts_files\";a:0:{}s:14:\"uag_faq_layout\";b:0;}"],"_uag_css_file_name":["uag-css-2223.css"]},"uagb_featured_image_src":{"full":["https:\/\/deye.md\/wp-content\/uploads\/2024\/08\/Baterie-de-tensiune-inalta-.webp",470,717,false],"thumbnail":["https:\/\/deye.md\/wp-content\/uploads\/2024\/08\/Baterie-de-tensiune-inalta--150x150.webp",150,150,true],"medium":["https:\/\/deye.md\/wp-content\/uploads\/2024\/08\/Baterie-de-tensiune-inalta--197x300.webp",197,300,true],"medium_large":["https:\/\/deye.md\/wp-content\/uploads\/2024\/08\/Baterie-de-tensiune-inalta-.webp",470,717,false],"large":["https:\/\/deye.md\/wp-content\/uploads\/2024\/08\/Baterie-de-tensiune-inalta-.webp",470,717,false],"1536x1536":["https:\/\/deye.md\/wp-content\/uploads\/2024\/08\/Baterie-de-tensiune-inalta-.webp",470,717,false],"2048x2048":["https:\/\/deye.md\/wp-content\/uploads\/2024\/08\/Baterie-de-tensiune-inalta-.webp",470,717,false],"trp-custom-language-flag":["https:\/\/deye.md\/wp-content\/uploads\/2024\/08\/Baterie-de-tensiune-inalta-.webp",8,12,false],"woocommerce_thumbnail":["https:\/\/deye.md\/wp-content\/uploads\/2024\/08\/Baterie-de-tensiune-inalta--300x300.webp",300,300,true],"woocommerce_single":["https:\/\/deye.md\/wp-content\/uploads\/2024\/08\/Baterie-de-tensiune-inalta-.webp",470,717,false],"woocommerce_gallery_thumbnail":["https:\/\/deye.md\/wp-content\/uploads\/2024\/08\/Baterie-de-tensiune-inalta--100x100.webp",100,100,true]},"uagb_author_info":{"display_name":"admin","author_link":"https:\/\/deye.md\/ru\/archives\/author"},"uagb_comment_info":0,"uagb_excerpt":"Pre\u021b mai mic pentru instalatori \u0219i cump\u0103r\u0103tori angro. Detalii pe Whatsapp sau email. &nbsp; Baterie HV de 5,12 kWh cu BMS computerizat, ecran \u0219i dou\u0103 protectori de \u00eenalt\u0103 tensiune Capacitatea variaz\u0103 de la 5,12 kWh la 50 kWh. Garan\u021bie de 10 ani. Desc\u0103rca\u021bi Datasheet.\u00a0","_links":{"self":[{"href":"https:\/\/deye.md\/ru\/wp-json\/wp\/v2\/product\/2223","targetHints":{"allow":["GET"]}}],"collection":[{"href":"https:\/\/deye.md\/ru\/wp-json\/wp\/v2\/product"}],"about":[{"href":"https:\/\/deye.md\/ru\/wp-json\/wp\/v2\/types\/product"}],"wp:featuredmedia":[{"embeddable":true,"href":"https:\/\/deye.md\/ru\/wp-json\/wp\/v2\/media\/2222"}],"wp:attachment":[{"href":"https:\/\/deye.md\/ru\/wp-json\/wp\/v2\/media?parent=2223"}],"wp:term":[{"taxonomy":"product_brand","embeddable":true,"href":"https:\/\/deye.md\/ru\/wp-json\/wp\/v2\/product_brand?post=2223"},{"taxonomy":"product_cat","embeddable":true,"href":"https:\/\/deye.md\/ru\/wp-json\/wp\/v2\/product_cat?post=2223"},{"taxonomy":"product_tag","embeddable":true,"href":"https:\/\/deye.md\/ru\/wp-json\/wp\/v2\/product_tag?post=2223"}],"curies":[{"name":"wp","href":"https:\/\/api.w.org\/{rel}","templated":true}]}}