{"id":2069,"date":"2024-09-26T06:11:42","date_gmt":"2024-09-26T06:11:42","guid":{"rendered":"https:\/\/deye.md\/?post_type=product&#038;p=2069"},"modified":"2026-02-19T00:04:37","modified_gmt":"2026-02-18T21:04:37","slug":"deye-gibridnyj-invertor-6kw-48v-s-2xmppt-model-sun-6k-sg03lp1-eu-odnofaznyj-lv","status":"publish","type":"product","link":"https:\/\/deye.md\/ru\/produkt\/deye-gibridnyj-invertor-6kw-48v-s-2xmppt-model-sun-6k-sg03lp1-eu-odnofaznyj-lv","title":{"rendered":"DEYE Invertor Hybrid 6kW 48V cu 2xMPPT \u2013 Model SUN-6K-SG05LP1-EU Monofazat LV"},"content":{"rendered":"<div class=\"elementor-element elementor-element-1caffc0 elementor-widget elementor-widget-wd_title\" data-id=\"1caffc0\" data-element_type=\"widget\" data-widget_type=\"wd_title.default\">\n<div class=\"elementor-widget-container\">\n<div class=\"title-wrapper set-mb-s reset-last-child wd-title-color-default wd-title-style-default wd-title-size-default text-left\">\n<div class=\"liner-continer\">\n<div class=\"elementor-element elementor-element-1caffc0 elementor-widget elementor-widget-wd_title\" data-id=\"1caffc0\" data-element_type=\"widget\" data-widget_type=\"wd_title.default\">\n<div class=\"elementor-widget-container\">\n<div class=\"title-wrapper set-mb-s reset-last-child wd-title-color-default wd-title-style-default wd-title-size-default text-left\">\n<div class=\"liner-continer\">\n<h4 class=\"woodmart-title-container title wd-fontsize-l\">Descriere produs<\/h4>\n<\/div>\n<\/div>\n<\/div>\n<\/div>\n<div class=\"elementor-element elementor-element-e24b901 wd-single-content elementor-widget elementor-widget-wd_single_product_content\" data-id=\"e24b901\" data-element_type=\"widget\" data-widget_type=\"wd_single_product_content.default\">\n<div class=\"elementor-widget-container\">\n<p><strong>SUN-6K-SG05LP1-EU<\/strong> este un invertor hibrid monofazat de inalta calitate ce mareste rata de autoconsum si independenta energetica. In timpul zilei sistemul fotovoltaic genereaza electricitate care este directionata initial catre consumatori. Energia in exces incarca bateriile care ulterior este folosita atunci cand consumatorii au nevoie. <strong>Baterile pot fi incarcate si de la un generator pentru a asigura furnizarea neintrerupta in caz de oprire a retelei.<\/strong><\/p>\n<p>Avantajele invertorului hibrid\u00a0SUN-6K-SG05LP1-EU:<\/p>\n<ul>\n<li>ecran color LCD<\/li>\n<li>modul wifi inclus<\/li>\n<li>grad de protectie la intemperii IP65 (utilizare in exterior)<\/li>\n<li><strong>6 perioade de timp pentru incarcarea\/descarcarea bateriilor<\/strong><\/li>\n<li>senzor de temperatura pentru baterii<\/li>\n<li><strong>curent maxim de incarcare\/descarcare de 120A<\/strong><\/li>\n<li>iesire\u00a0pentru consumatori critici (protejati in cazul caderilor de tensiune)<\/li>\n<li>iesire\u00a0pentru consumator inteligent (furnizeaza excesul de energie pentru un boiler de ex.)<\/li>\n<li><strong>se pot utiliza pana la 16 invertoare in parallel<\/strong><\/li>\n<li>se poate utiliza la modernizarea\u00a0sistemelor fotovoltaice existente, atat pe curent continuu cat si pe curent alternativ<\/li>\n<li>intrare\u00a0pentru stocarea energiei si comanda unui generator diesel<\/li>\n<li>intrare\u00a0pentru\u00a0baterii de tensiune joasa la 48V (compatibil Pytes)<\/li>\n<li>interfata de comunicare RS485, CAN si WiFi<\/li>\n<li>aplicatie Unique Smart\u00a0Load si functie de anulare a varfurilor de consum din retea<\/li>\n<li>compatibil si cu sisteme eoliene<\/li>\n<li>poate conecta si microinvertoare<\/li>\n<li>senzor de curent pentru limitarea exportului<\/li>\n<li>functie integrata pentru limitarea exportului in retea<\/li>\n<li>transfer extrem de rapid de doar 4ms intre modurile\u00a0on-grid si off-grid, asigurand functionarea neintrerupta a echipamentelor cu frecventa fixa (aer conditionat de ex.)<\/li>\n<li>\n<h4>Specificatii tehnice<\/h4>\n<table width=\"100%\">\n<tbody>\n<tr>\n<td><strong>Baterii<\/strong><\/td>\n<td><\/td>\n<\/tr>\n<tr>\n<td>\u00a0Tip baterie<\/td>\n<td>Plumb-acid sau Litiu-ion<\/td>\n<\/tr>\n<tr>\n<td>Tensiunea bateriei<\/td>\n<td>40 ~ 60 V<\/td>\n<\/tr>\n<tr>\n<td>Curent maxim de incarcare<\/td>\n<td>135 A<\/td>\n<\/tr>\n<tr>\n<td>Curent maxim de descarcare<\/td>\n<td>135 A<\/td>\n<\/tr>\n<tr>\n<td>Senzor extern de temperatura pentru baterii<\/td>\n<td>Da<\/td>\n<\/tr>\n<tr>\n<td>Mod de incarcare baterii<\/td>\n<td>Comunicare cu BMS<\/td>\n<\/tr>\n<tr>\n<td><strong>Panouri<\/strong><\/td>\n<td><\/td>\n<\/tr>\n<tr>\n<td>Puterea maxima a panourilor<\/td>\n<td>9600 W<\/td>\n<\/tr>\n<tr>\n<td>Tensiune nominala<\/td>\n<td>\u00a0370 V (125 ~ 500 V)<\/td>\n<\/tr>\n<tr>\n<td>Tensiunea de pornire<\/td>\n<td>125 V<\/td>\n<\/tr>\n<tr>\n<td>Gama de tensiune a MPPT<\/td>\n<td>150 ~ 425 V<\/td>\n<\/tr>\n<tr>\n<td>Tensiunea optima a MPPT<\/td>\n<td>370 V<\/td>\n<\/tr>\n<tr>\n<td>Curent de intrare<\/td>\n<td>13 + 13 A<\/td>\n<\/tr>\n<tr>\n<td>Tensiunea maxima de scurt circuit<\/td>\n<td>17 + 17 A<\/td>\n<\/tr>\n<tr>\n<td>Numar intrari MPPT<\/td>\n<td>2<\/td>\n<\/tr>\n<tr>\n<td>Numar de siruri pe MPPT<\/td>\n<td>1<\/td>\n<\/tr>\n<tr>\n<td><strong>Iesire curent alternativ<\/strong><\/td>\n<td><\/td>\n<\/tr>\n<tr>\n<td>Putere nominala AC si UPS<\/td>\n<td>6000 W<\/td>\n<\/tr>\n<tr>\n<td>Putere maxima<\/td>\n<td>6600 W<\/td>\n<\/tr>\n<tr>\n<td>Curent nominal<\/td>\n<td>27,3 A<\/td>\n<\/tr>\n<tr>\n<td>Curent maxim<\/td>\n<td>30 A<\/td>\n<\/tr>\n<tr>\n<td>Curent maxim transferat<\/td>\n<td>40 A<\/td>\n<\/tr>\n<tr>\n<td>Putere de varf (off-grid)<\/td>\n<td>2 x puterea nominala pentru 10s<\/td>\n<\/tr>\n<tr>\n<td>Eficienta Euro<\/td>\n<td>96,5 %<\/td>\n<\/tr>\n<tr>\n<td><strong>Protectii<\/strong><\/td>\n<td><\/td>\n<\/tr>\n<tr>\n<td>La fulger pe intrarea dinspre panouri<\/td>\n<td>Anti-insularizare<\/td>\n<\/tr>\n<tr>\n<td>Inversarea polaritatii siurilor<\/td>\n<td>Detectia rezistentei izolatiei<\/td>\n<\/tr>\n<tr>\n<td>Unitate de monitorizare a curentului rezidual<\/td>\n<td>Supracurent pe iesire<\/td>\n<\/tr>\n<tr>\n<td>Scurt circuit pe iesire<\/td>\n<td>Supratensiune<\/td>\n<\/tr>\n<tr>\n<td>Supratensiune pe iesire CC \/ CA<\/td>\n<td>Tip 2 \/ Tip 3<\/td>\n<\/tr>\n<\/tbody>\n<\/table>\n<h4>Specificatii mecanice<\/h4>\n<table width=\"100%\">\n<tbody>\n<tr>\n<td style=\"width: 51.320618%;\">Temperatura de functionare<\/td>\n<td style=\"width: 45.654471%;\">-40 ~ 60\u00b0C<\/td>\n<\/tr>\n<tr>\n<td style=\"width: 51.320618%;\">Zgomot<\/td>\n<td style=\"width: 45.654471%;\">&lt; 30 dB<\/td>\n<\/tr>\n<tr>\n<td style=\"width: 51.320618%;\">Comunicare cu BMS<\/td>\n<td style=\"width: 45.654471%;\">RS485, CAN<\/td>\n<\/tr>\n<tr>\n<td style=\"width: 51.320618%;\">Greutate<\/td>\n<td style=\"width: 45.654471%;\">24,9 kg<\/td>\n<\/tr>\n<tr>\n<td style=\"width: 51.320618%;\">Dimensiuni<\/td>\n<td style=\"width: 45.654471%;\">330 x 580 x 232 mm<\/td>\n<\/tr>\n<tr>\n<td style=\"width: 51.320618%;\">Grad de protectie<\/td>\n<td style=\"width: 45.654471%;\">IP65<\/td>\n<\/tr>\n<\/tbody>\n<\/table>\n<p>Deye (Ningbo Deye Inverter Technology) este una dintre cele mai mari companii ce este dedicata dezvoltarii sistemelor fotovoltaice complete, atat pentru centrale rezidentiale cat si pentru cele comerciale.<\/p>\n<p>Invertoarele hibrid sunt mai complexe decat cele on-grid deoarece pot conecta baterii pentru a stoca si utiliza excesul de energie produsa, reusind astfel sa eficientizeze sistemele fotovoltaice iar in acelasi timp sa asigure energie in caz de intreruperi sau scaderi ale calitatii energiei furnizate din retea.<\/li>\n<\/ul>\n<p>Acest invertor ofer\u0103, de asemenea, capacitatea de a func\u021biona \u00een paralel cu p\u00e2n\u0103 la 10 unit\u0103\u021bi pentru a suporta sarcini mai mari, asigur\u00e2nd astfel flexibilitatea necesar\u0103 pentru proiecte complexe de energie solar\u0103. Sistemul s\u0103u de r\u0103cire inteligent cu aer asigur\u0103 o func\u021bionare stabil\u0103 \u0219i eficient\u0103 \u00een orice mediu.<\/p>\n<p>Pentru utilizatorii care doresc s\u0103 \u00ee\u0219i modernizeze sistemele solare existente, invertorul permite integrarea cu sisteme de stocare a energiei \u0219i cu generatoare diesel, oferind astfel un plus de autonomie \u0219i siguran\u021b\u0103.<\/p>\n<\/div>\n<\/div>\n<h3>\u041f\u043e\u0434\u0434\u0435\u0440\u0436\u043a\u0430 \u0434\u0438\u0437\u0435\u043b\u044c\u043d\u043e\u0433\u043e \u0433\u0435\u043d\u0435\u0440\u0430\u0442\u043e\u0440\u0430<\/h3>\n<p>\u0415\u0449\u0451 \u043e\u0434\u043d\u043e\u0439 \u0432\u0430\u0436\u043d\u043e\u0439 \u0432\u043e\u0437\u043c\u043e\u0436\u043d\u043e\u0441\u0442\u044c\u044e \u044f\u0432\u043b\u044f\u0435\u0442\u0441\u044f \u043f\u043e\u0434\u0434\u0435\u0440\u0436\u043a\u0430 \u043d\u0430\u043a\u043e\u043f\u043b\u0435\u043d\u0438\u044f \u044d\u043d\u0435\u0440\u0433\u0438\u0438 \u043e\u0442 \u0434\u0438\u0437\u0435\u043b\u044c\u043d\u044b\u0445 \u0433\u0435\u043d\u0435\u0440\u0430\u0442\u043e\u0440\u043e\u0432. \u042d\u0442\u0430 \u0444\u0443\u043d\u043a\u0446\u0438\u044f \u043e\u0431\u0435\u0441\u043f\u0435\u0447\u0438\u0432\u0430\u0435\u0442 \u0443\u043d\u0438\u0432\u0435\u0440\u0441\u0430\u043b\u044c\u043d\u044b\u0439 \u0432\u0430\u0440\u0438\u0430\u043d\u0442 \u0440\u0435\u0437\u0435\u0440\u0432\u043d\u043e\u0433\u043e \u043f\u0438\u0442\u0430\u043d\u0438\u044f, \u043f\u043e\u0437\u0432\u043e\u043b\u044f\u044f \u044d\u0444\u0444\u0435\u043a\u0442\u0438\u0432\u043d\u043e \u0445\u0440\u0430\u043d\u0438\u0442\u044c \u0438 \u0438\u0441\u043f\u043e\u043b\u044c\u0437\u043e\u0432\u0430\u0442\u044c \u0438\u0437\u0431\u044b\u0442\u043e\u0447\u043d\u0443\u044e \u044d\u043d\u0435\u0440\u0433\u0438\u044e, \u0432\u044b\u0440\u0430\u0431\u043e\u0442\u0430\u043d\u043d\u0443\u044e \u0433\u0435\u043d\u0435\u0440\u0430\u0442\u043e\u0440\u043e\u043c.<\/p>\n<h3>\u041f\u0430\u0440\u0430\u043b\u043b\u0435\u043b\u044c\u043d\u0430\u044f \u0440\u0430\u0431\u043e\u0442\u0430<\/h3>\n<p class=\"translation-block\">\u0418\u043d\u0432\u0435\u0440\u0442\u043e\u0440\u044b \u0434\u043e\u043f\u0443\u0441\u043a\u0430\u044e\u0442 \u043f\u0430\u0440\u0430\u043b\u043b\u0435\u043b\u044c\u043d\u0443\u044e \u0440\u0430\u0431\u043e\u0442\u0443, \u0441 \u0432\u043e\u0437\u043c\u043e\u0436\u043d\u043e\u0441\u0442\u044c\u044e \u043f\u043e\u0434\u043a\u043b\u044e\u0447\u0435\u043d\u0438\u044f \u0434\u043e 10 \u0435\u0434\u0438\u043d\u0438\u0446. \u0422\u0430\u043a\u0430\u044f \u043c\u0430\u0441\u0448\u0442\u0430\u0431\u0438\u0440\u0443\u0435\u043c\u043e\u0441\u0442\u044c \u043a\u0440\u0430\u0439\u043d\u0435 \u0432\u0430\u0436\u043d\u0430 \u0434\u043b\u044f \u0440\u0430\u0441\u0448\u0438\u0440\u0435\u043d\u0438\u044f \u044d\u043d\u0435\u0440\u0433\u043e\u0441\u0438\u0441\u0442\u0435\u043c \u043a\u0430\u043a on-grid, \u0442\u0430\u043a \u0438 off-grid, \u043e\u0442\u0432\u0435\u0447\u0430\u044f \u0440\u0430\u0441\u0442\u0443\u0449\u0438\u043c \u044d\u043d\u0435\u0440\u0433\u0435\u0442\u0438\u0447\u0435\u0441\u043a\u0438\u043c \u043f\u043e\u0442\u0440\u0435\u0431\u043d\u043e\u0441\u0442\u044f\u043c.<\/p>\n<p>&nbsp;<\/p>\n<hr data-start=\"3863\" data-end=\"3866\" \/>\n<h3 data-start=\"3868\" data-end=\"3892\">\u0413\u0430\u0440\u0430\u043d\u0442\u0438\u044f \u0438 \u043f\u043e\u0434\u0434\u0435\u0440\u0436\u043a\u0430<\/h3>\n<p data-start=\"3894\" data-end=\"4047\">\u0418\u043d\u0432\u0435\u0440\u0442\u043e\u0440\u044b \u043f\u043e\u0441\u0442\u0430\u0432\u043b\u044f\u044e\u0442\u0441\u044f \u0441\u043e \u0441\u0442\u0430\u043d\u0434\u0430\u0440\u0442\u043d\u043e\u0439 \u0433\u0430\u0440\u0430\u043d\u0442\u0438\u0435\u0439 <strong>10<\/strong><strong data-start=\"3937\" data-end=\"3946\"> \u043b\u0435\u0442.\u00a0<\/strong><\/p>\n<\/div>\n<\/div>\n<\/div>\n<\/div>","protected":false},"excerpt":{"rendered":"<div style=\"background-color: #28a745; padding: 10px 15px; border-radius: 10px; max-width: 760px; text-align: center;\">\n<p style=\"color: #000000; font-family: Arial, sans-serif; font-size: 18px; margin: 0; line-height: 1.2;\">\u0421\u043a\u0438\u0434\u043a\u0430 \u0434\u043b\u044f \u0443\u0441\u0442\u0430\u043d\u043e\u0432\u0449\u0438\u043a\u043e\u0432 \u0438 \u043e\u043f\u0442\u043e\u0432\u0438\u043a\u043e\u0432. \u041f\u043e\u0434\u0440\u043e\u0431\u043d\u043e\u0441\u0442\u0438 \u0432 Whatsapp \u0438\u043b\u0438 email.<\/p>\n<\/div>\n<p>&nbsp;<\/p>\n<p>Seria Deye SUN- 6K-SG03LP1 este un invertor de calitate PREMIUM, optimizat pentru managementul energiei at\u00e2t \u00een aplica\u021bii reziden\u021biale, c\u00e2t \u0219i comerciale. Proiectat\u0103 s\u0103 sus\u021bin\u0103 o gam\u0103 larg\u0103 de func\u021bionalit\u0103\u021bi, aceast\u0103 serie asigur\u0103 o integrare perfect\u0103 cu sistemele solare existente \u0219i ofer\u0103 o solu\u021bie energetic\u0103 viabil\u0103 pe termen lung, dotat\u0103 cu multiple func\u021bii avansate.<\/p>\n<p><a href=\"https:\/\/deye.md\/wp-content\/uploads\/2024\/09\/fisa-tehnica-deye6k.pdf\">\u0421\u043a\u0430\u0447\u0430\u0442\u044c Datasheet.\u00a0<\/a><\/p>","protected":false},"featured_media":2516,"template":"","meta":{"_uag_custom_page_level_css":"","site-sidebar-layout":"default","site-content-layout":"","ast-site-content-layout":"default","site-content-style":"default","site-sidebar-style":"default","ast-global-header-display":"","ast-banner-title-visibility":"","ast-main-header-display":"","ast-hfb-above-header-display":"","ast-hfb-below-header-display":"","ast-hfb-mobile-header-display":"","site-post-title":"","ast-breadcrumbs-content":"","ast-featured-img":"","footer-sml-layout":"","ast-disable-related-posts":"","theme-transparent-header-meta":"default","adv-header-id-meta":"","stick-header-meta":"default","header-above-stick-meta":"","header-main-stick-meta":"","header-below-stick-meta":"","astra-migrate-meta-layouts":"set","ast-page-background-enabled":"default","ast-page-background-meta":{"desktop":{"background-color":"var(--ast-global-color-4)","background-image":"","background-repeat":"repeat","background-position":"center center","background-size":"auto","background-attachment":"scroll","background-type":"","background-media":"","overlay-type":"","overlay-color":"","overlay-opacity":"","overlay-gradient":""},"tablet":{"background-color":"","background-image":"","background-repeat":"repeat","background-position":"center center","background-size":"auto","background-attachment":"scroll","background-type":"","background-media":"","overlay-type":"","overlay-color":"","overlay-opacity":"","overlay-gradient":""},"mobile":{"background-color":"","background-image":"","background-repeat":"repeat","background-position":"center center","background-size":"auto","background-attachment":"scroll","background-type":"","background-media":"","overlay-type":"","overlay-color":"","overlay-opacity":"","overlay-gradient":""}},"ast-content-background-meta":{"desktop":{"background-color":"var(--ast-global-color-5)","background-image":"","background-repeat":"repeat","background-position":"center center","background-size":"auto","background-attachment":"scroll","background-type":"","background-media":"","overlay-type":"","overlay-color":"","overlay-opacity":"","overlay-gradient":""},"tablet":{"background-color":"var(--ast-global-color-5)","background-image":"","background-repeat":"repeat","background-position":"center center","background-size":"auto","background-attachment":"scroll","background-type":"","background-media":"","overlay-type":"","overlay-color":"","overlay-opacity":"","overlay-gradient":""},"mobile":{"background-color":"var(--ast-global-color-5)","background-image":"","background-repeat":"repeat","background-position":"center center","background-size":"auto","background-attachment":"scroll","background-type":"","background-media":"","overlay-type":"","overlay-color":"","overlay-opacity":"","overlay-gradient":""}}},"product_brand":[],"product_cat":[89],"product_tag":[],"class_list":{"0":"post-2069","1":"product","2":"type-product","3":"status-publish","4":"has-post-thumbnail","6":"product_cat-invertoare-hybrid","7":"desktop-align-left","8":"tablet-align-left","9":"mobile-align-left","10":"ast-product-gallery-layout-horizontal-slider","11":"ast-product-tabs-layout-horizontal","12":"ast-qv-on-image","14":"first","15":"instock","16":"shipping-taxable","17":"purchasable","18":"product-type-simple"},"spectra_custom_meta":{"total_sales":["0"],"mb_page_sidebar_layout":[""],"mb_page_sidebar_def_width":[""],"mb_sticky_sidebar":[""],"mb_sidebar_gap":[""],"mb_customize_header_layout":[""],"mb_header_content_type":[""],"mb_header_sticky":[""],"mb_sticky_header_content_type":[""],"mb_page_title_switch":[""],"mb_page_title_bg_switch":[""],"mb_page_title_height":[""],"mb_page_title_align":[""],"mb_page_title_border_switch":[""],"mb_page_title_border_color":[""],"mb_page_title_parallax":[""],"mb_page_title_parallax_speed":[""],"mb_page_change_tile_switch":[""],"mb_page_title_breadcrumbs_switch":[""],"mb_page_title_breadcrumbs_align":[""],"mb_page_title_breadcrumbs_block_switch":[""],"mb_page_title_resp_switch":[""],"mb_page_title_resp_resolution":[""],"mb_page_title_resp_height":[""],"mb_page_title_resp_breadcrumbs_switch":[""],"ekit_post_views_count":[""],"woolentor_total_stock_quantity":[""],"woolentor_cart_custom_content":[""],"om_disable_all_campaigns":[""],"mb_mobile_menu_header":[""],"classic-editor-remember":[""],"site-sidebar-layout":["default"],"ast-site-content-layout":["default"],"site-content-style":["default"],"site-sidebar-style":["default"],"theme-transparent-header-meta":["default"],"stick-header-meta":["default"],"_wp_page_template":[""],"_thumbnail_id":["2516"],"_backorders":["no"],"_download_expiry":["0"],"_download_limit":["0"],"_downloadable":["no"],"_manage_stock":["no"],"_price":["1100"],"_product_image_gallery":["2515,2514"],"_regular_price":["1100"],"_sold_individually":["no"],"_stock":[null],"_tax_class":[""],"_tax_status":["taxable"],"_virtual":["no"],"_button_text":[""],"_product_url":[""],"_stock_status":["instock"],"_edit_lock":["1771448544:2"],"_edit_last":["2"],"_wc_average_rating":["0"],"_wc_review_count":["0"],"_product_version":["10.4.3"],"_wp_old_date":["2024-09-27","2024-09-25"],"_pentru_instalatori":["field_66fa842bd9d41"],"pre_special":[""],"_pre_special":["field_66fa8a23671f6"],"woolentor_views_count_product":["1792"],"_product_attributes":["a:3:{s:28:\"pa_dupa-puterea-invertorului\";a:6:{s:4:\"name\";s:28:\"pa_dupa-puterea-invertorului\";s:5:\"value\";s:0:\"\";s:8:\"position\";i:0;s:10:\"is_visible\";i:1;s:12:\"is_variation\";i:0;s:11:\"is_taxonomy\";i:1;}s:18:\"pa_tip-de-invertor\";a:6:{s:4:\"name\";s:18:\"pa_tip-de-invertor\";s:5:\"value\";s:0:\"\";s:8:\"position\";i:1;s:10:\"is_visible\";i:1;s:12:\"is_variation\";i:0;s:11:\"is_taxonomy\";i:1;}s:19:\"pa_brand-invertoare\";a:6:{s:4:\"name\";s:19:\"pa_brand-invertoare\";s:5:\"value\";s:0:\"\";s:8:\"position\";i:3;s:10:\"is_visible\";i:1;s:12:\"is_variation\";i:0;s:11:\"is_taxonomy\";i:1;}}"],"_selectproduct_layout":[""],"_saleflash_text":[""],"_wp_old_slug":["invertor-deye-hybrid-6kw-48v-2xmppt-sun-6k-sg03lp1-eu","deye-invertor-hybrid-6kw-48v-cu-2xmppt-model-sun-6k-sg03lp1-eu-monofazat"],"_jet_woo_template":[""],"_template_type":["default"],"astra-migrate-meta-layouts":["set"],"_uag_page_assets":["a:9:{s:3:\"css\";s:3164:\".uag-blocks-common-selector{z-index:var(--z-index-desktop) !important}@media (max-width: 976px){.uag-blocks-common-selector{z-index:var(--z-index-tablet) !important}}@media (max-width: 767px){.uag-blocks-common-selector{z-index:var(--z-index-mobile) !important}}\n.wp-block-uagb-advanced-heading h1,.wp-block-uagb-advanced-heading h2,.wp-block-uagb-advanced-heading h3,.wp-block-uagb-advanced-heading h4,.wp-block-uagb-advanced-heading h5,.wp-block-uagb-advanced-heading h6,.wp-block-uagb-advanced-heading p,.wp-block-uagb-advanced-heading div{word-break:break-word}.wp-block-uagb-advanced-heading .uagb-heading-text{margin:0}.wp-block-uagb-advanced-heading .uagb-desc-text{margin:0}.wp-block-uagb-advanced-heading .uagb-separator{font-size:0;border-top-style:solid;display:inline-block;margin:0 0 10px 0}.wp-block-uagb-advanced-heading .uagb-highlight{color:#f78a0c;border:0;transition:all 0.3s ease}.uag-highlight-toolbar{border-left:0;border-top:0;border-bottom:0;border-radius:0;border-right-color:#1e1e1e}.uag-highlight-toolbar .components-button{border-radius:0;outline:none}.uag-highlight-toolbar .components-button.is-primary{color:#fff}\n.wp-block-uagb-advanced-heading.uagb-block-c71902d3.wp-block-uagb-advanced-heading .uagb-desc-text{margin-bottom: 15px;}.wp-block-uagb-advanced-heading.uagb-block-c71902d3.wp-block-uagb-advanced-heading .uagb-highlight{font-style: normal;font-weight: Default;background: #007cba;color: #fff;-webkit-text-fill-color: #fff;}.wp-block-uagb-advanced-heading.uagb-block-c71902d3.wp-block-uagb-advanced-heading .uagb-highlight::-moz-selection{color: #fff;background: #007cba;-webkit-text-fill-color: #fff;}.wp-block-uagb-advanced-heading.uagb-block-c71902d3.wp-block-uagb-advanced-heading .uagb-highlight::selection{color: #fff;background: #007cba;-webkit-text-fill-color: #fff;}.wp-block-uagb-advanced-heading.uagb-block-b44a46e4.wp-block-uagb-advanced-heading .uagb-desc-text{margin-bottom: 15px;}.wp-block-uagb-advanced-heading.uagb-block-b44a46e4.wp-block-uagb-advanced-heading .uagb-highlight{font-style: normal;font-weight: Default;background: #007cba;color: #fff;-webkit-text-fill-color: #fff;}.wp-block-uagb-advanced-heading.uagb-block-b44a46e4.wp-block-uagb-advanced-heading .uagb-highlight::-moz-selection{color: #fff;background: #007cba;-webkit-text-fill-color: #fff;}.wp-block-uagb-advanced-heading.uagb-block-b44a46e4.wp-block-uagb-advanced-heading .uagb-highlight::selection{color: #fff;background: #007cba;-webkit-text-fill-color: #fff;}.wp-block-uagb-advanced-heading.uagb-block-632ea407.wp-block-uagb-advanced-heading .uagb-desc-text{margin-bottom: 15px;}.wp-block-uagb-advanced-heading.uagb-block-632ea407.wp-block-uagb-advanced-heading .uagb-highlight{font-style: normal;font-weight: Default;background: #007cba;color: #fff;-webkit-text-fill-color: #fff;}.wp-block-uagb-advanced-heading.uagb-block-632ea407.wp-block-uagb-advanced-heading .uagb-highlight::-moz-selection{color: #fff;background: #007cba;-webkit-text-fill-color: #fff;}.wp-block-uagb-advanced-heading.uagb-block-632ea407.wp-block-uagb-advanced-heading .uagb-highlight::selection{color: #fff;background: #007cba;-webkit-text-fill-color: #fff;}\";s:2:\"js\";s:0:\"\";s:18:\"current_block_list\";a:13:{i:0;s:11:\"core\/search\";i:1;s:10:\"core\/group\";i:2;s:12:\"core\/heading\";i:3;s:17:\"core\/latest-posts\";i:4;s:20:\"core\/latest-comments\";i:5;s:13:\"core\/archives\";i:6;s:15:\"core\/categories\";i:7;s:21:\"uagb\/advanced-heading\";i:8;s:10:\"core\/image\";i:9;s:26:\"woocommerce\/filter-wrapper\";i:10;s:24:\"woocommerce\/price-filter\";i:11;s:28:\"woocommerce\/attribute-filter\";i:13;s:26:\"woocommerce\/active-filters\";}s:8:\"uag_flag\";b:1;s:11:\"uag_version\";s:10:\"1776362224\";s:6:\"gfonts\";a:0:{}s:10:\"gfonts_url\";s:0:\"\";s:12:\"gfonts_files\";a:0:{}s:14:\"uag_faq_layout\";b:0;}"],"_uag_css_file_name":["uag-css-2069.css"]},"uagb_featured_image_src":{"full":["https:\/\/deye.md\/wp-content\/uploads\/2024\/09\/sun-3.6_5_6k-sg03lp1-eu-01-1.jpg",1000,1000,false],"thumbnail":["https:\/\/deye.md\/wp-content\/uploads\/2024\/09\/sun-3.6_5_6k-sg03lp1-eu-01-1-150x150.jpg",150,150,true],"medium":["https:\/\/deye.md\/wp-content\/uploads\/2024\/09\/sun-3.6_5_6k-sg03lp1-eu-01-1-300x300.jpg",300,300,true],"medium_large":["https:\/\/deye.md\/wp-content\/uploads\/2024\/09\/sun-3.6_5_6k-sg03lp1-eu-01-1-768x768.jpg",768,768,true],"large":["https:\/\/deye.md\/wp-content\/uploads\/2024\/09\/sun-3.6_5_6k-sg03lp1-eu-01-1.jpg",1000,1000,false],"1536x1536":["https:\/\/deye.md\/wp-content\/uploads\/2024\/09\/sun-3.6_5_6k-sg03lp1-eu-01-1.jpg",1000,1000,false],"2048x2048":["https:\/\/deye.md\/wp-content\/uploads\/2024\/09\/sun-3.6_5_6k-sg03lp1-eu-01-1.jpg",1000,1000,false],"trp-custom-language-flag":["https:\/\/deye.md\/wp-content\/uploads\/2024\/09\/sun-3.6_5_6k-sg03lp1-eu-01-1.jpg",12,12,false],"woocommerce_thumbnail":["https:\/\/deye.md\/wp-content\/uploads\/2024\/09\/sun-3.6_5_6k-sg03lp1-eu-01-1-300x300.jpg",300,300,true],"woocommerce_single":["https:\/\/deye.md\/wp-content\/uploads\/2024\/09\/sun-3.6_5_6k-sg03lp1-eu-01-1-600x600.jpg",600,600,true],"woocommerce_gallery_thumbnail":["https:\/\/deye.md\/wp-content\/uploads\/2024\/09\/sun-3.6_5_6k-sg03lp1-eu-01-1-100x100.jpg",100,100,true]},"uagb_author_info":{"display_name":"admin","author_link":"https:\/\/deye.md\/ru\/archives\/author"},"uagb_comment_info":0,"uagb_excerpt":"Pre\u021b mai mic pentru instalatori \u0219i cump\u0103r\u0103tori angro. Detalii pe Whatsapp sau email. &nbsp; Seria Deye SUN- 6K-SG03LP1 este un invertor de calitate PREMIUM, optimizat pentru managementul energiei at\u00e2t \u00een aplica\u021bii reziden\u021biale, c\u00e2t \u0219i comerciale. Proiectat\u0103 s\u0103 sus\u021bin\u0103 o gam\u0103 larg\u0103 de func\u021bionalit\u0103\u021bi, aceast\u0103 serie asigur\u0103 o integrare perfect\u0103 cu sistemele solare existente \u0219i ofer\u0103&hellip;","_links":{"self":[{"href":"https:\/\/deye.md\/ru\/wp-json\/wp\/v2\/product\/2069","targetHints":{"allow":["GET"]}}],"collection":[{"href":"https:\/\/deye.md\/ru\/wp-json\/wp\/v2\/product"}],"about":[{"href":"https:\/\/deye.md\/ru\/wp-json\/wp\/v2\/types\/product"}],"wp:featuredmedia":[{"embeddable":true,"href":"https:\/\/deye.md\/ru\/wp-json\/wp\/v2\/media\/2516"}],"wp:attachment":[{"href":"https:\/\/deye.md\/ru\/wp-json\/wp\/v2\/media?parent=2069"}],"wp:term":[{"taxonomy":"product_brand","embeddable":true,"href":"https:\/\/deye.md\/ru\/wp-json\/wp\/v2\/product_brand?post=2069"},{"taxonomy":"product_cat","embeddable":true,"href":"https:\/\/deye.md\/ru\/wp-json\/wp\/v2\/product_cat?post=2069"},{"taxonomy":"product_tag","embeddable":true,"href":"https:\/\/deye.md\/ru\/wp-json\/wp\/v2\/product_tag?post=2069"}],"curies":[{"name":"wp","href":"https:\/\/api.w.org\/{rel}","templated":true}]}}